{"id":108,"date":"2023-02-24T11:42:55","date_gmt":"2023-02-24T03:42:55","guid":{"rendered":"https:\/\/joyfun.shop\/?post_type=product&#038;p=108"},"modified":"2024-05-12T16:38:12","modified_gmt":"2024-05-12T08:38:12","slug":"schaumreinigungs-wattestabchen","status":"publish","type":"product","link":"https:\/\/joyfun.shop\/de\/dp\/schaumreinigungs-wattestabchen\/","title":{"rendered":"100 St\u00fcck Schaumreinigungs-Wattest\u00e4bchen Staubfreie Schwamm-Wattest\u00e4bchen Reinigung Wattest\u00e4bchen Rechteckige Wattest\u00e4bchen f\u00fcr Kamera, Objektiv, Tintenstrahldrucker"},"content":{"rendered":"<p>Produktdetails:<br \/>\nPremium-Qualit\u00e4t: Gute Saugleistung<br \/>\nEinfach zu bedienen: doppelseitig zu reinigende Wattest\u00e4bchen<br \/>\nKompaktes Design: flexibel, flach, fusselfrei, keine statische Elektrizit\u00e4t<\/p>","protected":false},"excerpt":{"rendered":"<p>Produktdetails: Premium-Qualit\u00e4t: Gute Saugleistung Einfach zu bedienen: doppelseitig zu reinigende Wattest\u00e4bchen Kompaktes Design: flexibel, flach, fusselfrei, keine statische Elektrizit\u00e4t<\/p>","protected":false},"featured_media":109,"comment_status":"open","ping_status":"closed","template":"","meta":[],"product_cat":[48],"product_tag":[],"class_list":{"0":"post-108","1":"product","2":"type-product","3":"status-publish","4":"has-post-thumbnail","6":"product_cat-office-supplies","8":"first","9":"instock","10":"shipping-taxable","11":"purchasable","12":"product-type-simple"},"jetpack_sharing_enabled":true,"_links":{"self":[{"href":"https:\/\/joyfun.shop\/de\/wp-json\/wp\/v2\/product\/108"}],"collection":[{"href":"https:\/\/joyfun.shop\/de\/wp-json\/wp\/v2\/product"}],"about":[{"href":"https:\/\/joyfun.shop\/de\/wp-json\/wp\/v2\/types\/product"}],"replies":[{"embeddable":true,"href":"https:\/\/joyfun.shop\/de\/wp-json\/wp\/v2\/comments?post=108"}],"wp:featuredmedia":[{"embeddable":true,"href":"https:\/\/joyfun.shop\/de\/wp-json\/wp\/v2\/media\/109"}],"wp:attachment":[{"href":"https:\/\/joyfun.shop\/de\/wp-json\/wp\/v2\/media?parent=108"}],"wp:term":[{"taxonomy":"product_cat","embeddable":true,"href":"https:\/\/joyfun.shop\/de\/wp-json\/wp\/v2\/product_cat?post=108"},{"taxonomy":"product_tag","embeddable":true,"href":"https:\/\/joyfun.shop\/de\/wp-json\/wp\/v2\/product_tag?post=108"}],"curies":[{"name":"wp","href":"https:\/\/api.w.org\/{rel}","templated":true}]}}