{"id":122,"date":"2023-03-11T08:30:55","date_gmt":"2023-03-11T00:30:55","guid":{"rendered":"https:\/\/joyfun.shop\/?post_type=product&#038;p=122"},"modified":"2024-05-12T17:19:23","modified_gmt":"2024-05-12T09:19:23","slug":"wichteltur-weihnachten-set","status":"publish","type":"product","link":"https:\/\/joyfun.shop\/de\/dp\/wichteltur-weihnachten-set\/","title":{"rendered":"Wichtelt\u00fcr Weihnachten Gro\u00dfes Set Personalisiert mit Zubeh\u00f6r Adventskalender Holz Adventszeit Weihnachten Kinder"},"content":{"rendered":"<p>Wir bieten euch hier ein liebevoll gefertigte Wichtel T\u00fcr an :-).<\/p>\n<p>Lasst die Weihnachtszeit f\u00fcr eure Kinder mit strahlenden Augen beginnen wenn<br \/>\nam 1. Dezember nach altem Skandinavischen Brauch ein Wichtel mit seiner Wichtelt\u00fcr bei euch einzieht.<\/p>\n<p>Den Namen f\u00fcr euren kleinen Mitbewohner k\u00f6nnt ihr euch selbstverst\u00e4ndlich aussuchen,<br \/>\nwir personalisieren das Set dann von euch.<\/p>\n<p>Der kleine Wichtel bringt folgendes zu euch nachhause mit..<\/p>\n<p>Die Wichtelutensilien bestehen zu 100% aus Pappelsperrholz und sind 6mm stark, damit sie nicht so leicht kaputt gehen. Die T\u00fcr selbst ist aufgedoppelt, der Rahmen kommt also auf 12mm<\/p>","protected":false},"excerpt":{"rendered":"<p>Wir bieten euch hier ein liebevoll gefertigte Wichtel T\u00fcr an :-). Lasst die Weihnachtszeit f\u00fcr eure Kinder mit strahlenden Augen beginnen wenn am 1. Dezember nach altem Skandinavischen Brauch ein Wichtel mit seiner Wichtelt\u00fcr bei euch einzieht. Den Namen f\u00fcr euren kleinen Mitbewohner k\u00f6nnt ihr euch selbstverst\u00e4ndlich aussuchen, wir personalisieren das Set dann von euch. [&hellip;]<\/p>","protected":false},"featured_media":123,"comment_status":"open","ping_status":"closed","template":"","meta":[],"product_cat":[27,42,53,43],"product_tag":[],"class_list":{"0":"post-122","1":"product","2":"type-product","3":"status-publish","4":"has-post-thumbnail","6":"product_cat-diy-tools","7":"product_cat-home-kitchen","8":"product_cat-home-accessories","9":"product_cat-toys-games","11":"first","12":"instock","13":"shipping-taxable","14":"purchasable","15":"product-type-simple"},"jetpack_sharing_enabled":true,"_links":{"self":[{"href":"https:\/\/joyfun.shop\/de\/wp-json\/wp\/v2\/product\/122"}],"collection":[{"href":"https:\/\/joyfun.shop\/de\/wp-json\/wp\/v2\/product"}],"about":[{"href":"https:\/\/joyfun.shop\/de\/wp-json\/wp\/v2\/types\/product"}],"replies":[{"embeddable":true,"href":"https:\/\/joyfun.shop\/de\/wp-json\/wp\/v2\/comments?post=122"}],"wp:featuredmedia":[{"embeddable":true,"href":"https:\/\/joyfun.shop\/de\/wp-json\/wp\/v2\/media\/123"}],"wp:attachment":[{"href":"https:\/\/joyfun.shop\/de\/wp-json\/wp\/v2\/media?parent=122"}],"wp:term":[{"taxonomy":"product_cat","embeddable":true,"href":"https:\/\/joyfun.shop\/de\/wp-json\/wp\/v2\/product_cat?post=122"},{"taxonomy":"product_tag","embeddable":true,"href":"https:\/\/joyfun.shop\/de\/wp-json\/wp\/v2\/product_tag?post=122"}],"curies":[{"name":"wp","href":"https:\/\/api.w.org\/{rel}","templated":true}]}}