{"id":126,"date":"2023-03-11T11:24:11","date_gmt":"2023-03-11T03:24:11","guid":{"rendered":"https:\/\/joyfun.shop\/?post_type=product&#038;p=126"},"modified":"2024-05-11T10:07:52","modified_gmt":"2024-05-11T02:07:52","slug":"holz-meilensteinkarten-baby","status":"publish","type":"product","link":"https:\/\/joyfun.shop\/de\/dp\/holz-meilensteinkarten-baby\/","title":{"rendered":"Holz Meilensteinkarten Baby 30 Meilensteine auf edlen Holzscheiben als Geschenk zur Geburt zur Babyparty f\u00fcr Schwangere werdende M\u00fctter, werdende Eltern"},"content":{"rendered":"<p>Halten Sie die ersten Meilensteine, Momente und Erfolge Ihres Neugeborenen mit unserem wundersch\u00f6nen H\u00f6lzernen Baby-Meilenstein-Scheiben-Set fest, um f\u00fcr immer zu sch\u00e4tzen und die ersten besonderen Momente Ihres Babys mit Ihrer Familie und Freunden zu teilen.<\/p>\n<p>Unser H\u00f6lzernes Baby Meilenstein-Scheiben-Set beinhaltet 12 Holzscheiben, die 24 verschiedene Meilensteine und Momente enthalten, die Sie nicht verpassen m\u00f6chten. Jede Milestone Disc wurde liebevoll entworfen, um mit einer Vielzahl von verschiedenen Bl\u00e4ttern und Blumen im Trend zu sein, w\u00e4hrend unsere beliebte Auswahl an Schriftarten enthalten ist, die leicht lesbar sind.<\/p>\n<p>Unsere Meilensteinscheiben sind extrem einfach zu bedienen, f\u00fcgen Sie einfach eine unserer liebevoll gestalteten Meilensteinscheiben aus Holz zu den ersten Wochen, ersten Erfolgen oder ersten Ereignissen Ihres Babys hinzu und machen Sie ein Bild, um diesen unvergesslichen Meilenstein festzuhalten, den Sie mit Ihrer Familie und Freunden teilen k\u00f6nnen.<\/p>","protected":false},"excerpt":{"rendered":"<p>Halten Sie die ersten Meilensteine, Momente und Erfolge Ihres Neugeborenen mit unserem wundersch\u00f6nen H\u00f6lzernen Baby-Meilenstein-Scheiben-Set fest, um f\u00fcr immer zu sch\u00e4tzen und die ersten besonderen Momente Ihres Babys mit Ihrer Familie und Freunden zu teilen. Unser H\u00f6lzernes Baby Meilenstein-Scheiben-Set beinhaltet 12 Holzscheiben, die 24 verschiedene Meilensteine und Momente enthalten, die Sie nicht verpassen m\u00f6chten. Jede [&hellip;]<\/p>","protected":false},"featured_media":127,"comment_status":"open","ping_status":"closed","template":"","meta":[],"product_cat":[28],"product_tag":[],"class_list":{"0":"post-126","1":"product","2":"type-product","3":"status-publish","4":"has-post-thumbnail","6":"product_cat-toys-children-baby","8":"first","9":"instock","10":"shipping-taxable","11":"purchasable","12":"product-type-simple"},"jetpack_sharing_enabled":true,"_links":{"self":[{"href":"https:\/\/joyfun.shop\/de\/wp-json\/wp\/v2\/product\/126"}],"collection":[{"href":"https:\/\/joyfun.shop\/de\/wp-json\/wp\/v2\/product"}],"about":[{"href":"https:\/\/joyfun.shop\/de\/wp-json\/wp\/v2\/types\/product"}],"replies":[{"embeddable":true,"href":"https:\/\/joyfun.shop\/de\/wp-json\/wp\/v2\/comments?post=126"}],"wp:featuredmedia":[{"embeddable":true,"href":"https:\/\/joyfun.shop\/de\/wp-json\/wp\/v2\/media\/127"}],"wp:attachment":[{"href":"https:\/\/joyfun.shop\/de\/wp-json\/wp\/v2\/media?parent=126"}],"wp:term":[{"taxonomy":"product_cat","embeddable":true,"href":"https:\/\/joyfun.shop\/de\/wp-json\/wp\/v2\/product_cat?post=126"},{"taxonomy":"product_tag","embeddable":true,"href":"https:\/\/joyfun.shop\/de\/wp-json\/wp\/v2\/product_tag?post=126"}],"curies":[{"name":"wp","href":"https:\/\/api.w.org\/{rel}","templated":true}]}}