{"id":131,"date":"2023-03-28T11:11:37","date_gmt":"2023-03-28T03:11:37","guid":{"rendered":"https:\/\/joyfun.shop\/?post_type=product&#038;p=131"},"modified":"2024-05-11T10:07:15","modified_gmt":"2024-05-11T02:07:15","slug":"holz-alphabet-sparbuchse","status":"publish","type":"product","link":"https:\/\/joyfun.shop\/de\/dp\/holz-alphabet-sparbuchse\/","title":{"rendered":"Spardose Kinder Personalisierte A-Z Alphabet Sparb\u00fcchse Holz Spardose Dekoration Kreative gro\u00df Sparschwein als Geschenke f\u00fcr Geburtstag, Weihnachten und Thanksgiving"},"content":{"rendered":"<p>[Gr\u00f6\u00dfe und Gewicht] Wir bieten 26 Modelle vom Buchstaben A bis zum Buchstaben Z an. Diese h\u00f6lzernen Sparschweine haben alle die Ma\u00dfe 18cm*18cm*2.8cm und wiegen etwa 280g~380g. Sie k\u00f6nnen die richtige Art nach Ihren Vorlieben w\u00e4hlen.<\/p>\n<p>[Klares Paneel] Dieses Alphabet-Sparb\u00fcchse hat eine durchsichtige Platte, so dass Sie sehen k\u00f6nnen, wie viel Ersparnisse gespeichert sind. Perfekt f\u00fcr die Platzierung \u00fcberall in Ihrem Haus.<\/p>\n<p>[Pers\u00f6nliche Dekoration] Wir haben Ihnen 26 Buchstabenaufkleber zur Verf\u00fcgung gestellt, damit Sie Ihren Namen oder eine Segensbotschaft auf die Spardose schreiben k\u00f6nnen, wie Sie m\u00f6chten.<\/p>\n<p>[Tipps f\u00fcr Gebrauch] Sie k\u00f6nnen Ihr Kleingeld in die \u00d6ffnung \u00fcber dem Buchstabenglas einwerfen. Dieses Sparschwein kann ge\u00f6ffnet werden. Wenn Sie also Ihr Erspartes herausnehmen wollen, schrauben Sie einfach die Schraube ab und entfernen Sie die Platte, um die M\u00fcnzen herauszunehmen.<\/p>\n<p>[M\u00fcnzart] Geeignet f\u00fcr fast jede Art von Standardm\u00fcnzen &#8211; 1 Euro-Cent, 5 Euro-Cent, 1 Euro oder verschiedene Spielm\u00fcnzen usw. Ermutigen Sie Ihr Kind zum Sparen mit dieser Spardose f\u00fcr Scheine und M\u00fcnzen.<\/p>","protected":false},"excerpt":{"rendered":"<p>[Gr\u00f6\u00dfe und Gewicht] Wir bieten 26 Modelle vom Buchstaben A bis zum Buchstaben Z an. Diese h\u00f6lzernen Sparschweine haben alle die Ma\u00dfe 18cm*18cm*2.8cm und wiegen etwa 280g~380g. Sie k\u00f6nnen die richtige Art nach Ihren Vorlieben w\u00e4hlen. [Klares Paneel] Dieses Alphabet-Sparb\u00fcchse hat eine durchsichtige Platte, so dass Sie sehen k\u00f6nnen, wie viel Ersparnisse gespeichert sind. Perfekt [&hellip;]<\/p>","protected":false},"featured_media":132,"comment_status":"open","ping_status":"closed","template":"","meta":[],"product_cat":[28],"product_tag":[],"class_list":{"0":"post-131","1":"product","2":"type-product","3":"status-publish","4":"has-post-thumbnail","6":"product_cat-toys-children-baby","8":"first","9":"instock","10":"shipping-taxable","11":"purchasable","12":"product-type-simple"},"jetpack_sharing_enabled":true,"_links":{"self":[{"href":"https:\/\/joyfun.shop\/de\/wp-json\/wp\/v2\/product\/131"}],"collection":[{"href":"https:\/\/joyfun.shop\/de\/wp-json\/wp\/v2\/product"}],"about":[{"href":"https:\/\/joyfun.shop\/de\/wp-json\/wp\/v2\/types\/product"}],"replies":[{"embeddable":true,"href":"https:\/\/joyfun.shop\/de\/wp-json\/wp\/v2\/comments?post=131"}],"wp:featuredmedia":[{"embeddable":true,"href":"https:\/\/joyfun.shop\/de\/wp-json\/wp\/v2\/media\/132"}],"wp:attachment":[{"href":"https:\/\/joyfun.shop\/de\/wp-json\/wp\/v2\/media?parent=131"}],"wp:term":[{"taxonomy":"product_cat","embeddable":true,"href":"https:\/\/joyfun.shop\/de\/wp-json\/wp\/v2\/product_cat?post=131"},{"taxonomy":"product_tag","embeddable":true,"href":"https:\/\/joyfun.shop\/de\/wp-json\/wp\/v2\/product_tag?post=131"}],"curies":[{"name":"wp","href":"https:\/\/api.w.org\/{rel}","templated":true}]}}