{"id":137,"date":"2023-04-15T15:13:33","date_gmt":"2023-04-15T07:13:33","guid":{"rendered":"https:\/\/joyfun.shop\/?post_type=product&#038;p=137"},"modified":"2024-05-11T10:06:32","modified_gmt":"2024-05-11T02:06:32","slug":"kindergartenrucksack","status":"publish","type":"product","link":"https:\/\/joyfun.shop\/de\/dp\/kindergartenrucksack\/","title":{"rendered":"Kindergartenrucksack, Rucksack B\u00e4r, Rucksack Kindergarten, Kinderrucksack, Kita Rucksack, Ostern Geschenk Kind, Teddyb\u00e4r"},"content":{"rendered":"<p>Kinder Rucksack mit Namen in s\u00fc\u00dfer B\u00e4rchenform &#8211; perfekt f\u00fcr kleine und gro\u00dfe Abenteuer.<\/p>\n<p>Egal ob als Kitarucksack oder als Schulrucksack, dein neuer Rucksack wird immer ein treuer und bequemer Begleiter sein.<\/p>\n<p>Neben dem s\u00fc\u00dfen Design kommt die Funktionalit\u00e4t nat\u00fcrlich auch nicht zu kurz:<br \/>\nDer Rucksack hat an der Vorderseite eine Tasche und die Reisverschl\u00fcsse haben einen gro\u00dfen Schieber, damit sie auch von Kindern leicht zu \u00f6ffnen und schlie\u00dfen sind. Die Riemen sind verstellbar und k\u00f6nnen individuell an dein Kind angepasst werden.<\/p>\n<p>Du kannst zwischen verschiedenen Farben w\u00e4hlen, und dir ebenso aussuchen ob du den Rucksack mit oder ohne Personalisierung haben m\u00f6chtest.<\/p>\n<p>Gib deinen Wunschnamen bitte mit im Personalisierungsfeld an. Der Name wird mittels Flockdruck auf den Rucksack gebracht.<br \/>\nBei l\u00e4ngeren Namen wird die Schrift etwas kleiner &#8211; bei k\u00fcrzeren Namen etwas gr\u00f6\u00dfer.<\/p>\n<p>Unsere Kinderrucks\u00e4cke bestehen Au\u00dfen aus 100% Baumwolle und Innen aus 8% Polyester und 20% Baumwolle mit wasserabweisender Acrylbeschichtung.<\/p>\n<p>Die Ma\u00dfe der Rucks\u00e4cke betragen ca. ca 28 x 27 x 13 cm<\/p>\n<p>Pflege: Nur Fleckentfernung<\/p>\n<p>Dieser s\u00fc\u00dfe Rucksack ist perfekt als:<br \/>\n&#8211; Rucksack f\u00fcr Kindergartenkinder,<br \/>\n&#8211; Schulrucksack,<br \/>\n&#8211; Ostergeschenk f\u00fcr Kinder,<br \/>\n&#8211; Geburtstagsgeschenk f\u00fcr Kinder.<\/p>","protected":false},"excerpt":{"rendered":"<p>Kinder Rucksack mit Namen in s\u00fc\u00dfer B\u00e4rchenform &#8211; perfekt f\u00fcr kleine und gro\u00dfe Abenteuer. Egal ob als Kitarucksack oder als Schulrucksack, dein neuer Rucksack wird immer ein treuer und bequemer Begleiter sein. Neben dem s\u00fc\u00dfen Design kommt die Funktionalit\u00e4t nat\u00fcrlich auch nicht zu kurz: Der Rucksack hat an der Vorderseite eine Tasche und die Reisverschl\u00fcsse [&hellip;]<\/p>","protected":false},"featured_media":139,"comment_status":"open","ping_status":"closed","template":"","meta":[],"product_cat":[28],"product_tag":[],"class_list":{"0":"post-137","1":"product","2":"type-product","3":"status-publish","4":"has-post-thumbnail","6":"product_cat-toys-children-baby","8":"first","9":"instock","10":"shipping-taxable","11":"purchasable","12":"product-type-simple"},"jetpack_sharing_enabled":true,"_links":{"self":[{"href":"https:\/\/joyfun.shop\/de\/wp-json\/wp\/v2\/product\/137"}],"collection":[{"href":"https:\/\/joyfun.shop\/de\/wp-json\/wp\/v2\/product"}],"about":[{"href":"https:\/\/joyfun.shop\/de\/wp-json\/wp\/v2\/types\/product"}],"replies":[{"embeddable":true,"href":"https:\/\/joyfun.shop\/de\/wp-json\/wp\/v2\/comments?post=137"}],"wp:featuredmedia":[{"embeddable":true,"href":"https:\/\/joyfun.shop\/de\/wp-json\/wp\/v2\/media\/139"}],"wp:attachment":[{"href":"https:\/\/joyfun.shop\/de\/wp-json\/wp\/v2\/media?parent=137"}],"wp:term":[{"taxonomy":"product_cat","embeddable":true,"href":"https:\/\/joyfun.shop\/de\/wp-json\/wp\/v2\/product_cat?post=137"},{"taxonomy":"product_tag","embeddable":true,"href":"https:\/\/joyfun.shop\/de\/wp-json\/wp\/v2\/product_tag?post=137"}],"curies":[{"name":"wp","href":"https:\/\/api.w.org\/{rel}","templated":true}]}}