{"id":144,"date":"2023-04-18T12:28:47","date_gmt":"2023-04-18T04:28:47","guid":{"rendered":"https:\/\/joyfun.shop\/?post_type=product&#038;p=144"},"modified":"2024-05-11T10:03:55","modified_gmt":"2024-05-11T02:03:55","slug":"baby-bambus-schussel","status":"publish","type":"product","link":"https:\/\/joyfun.shop\/de\/dp\/baby-bambus-schussel\/","title":{"rendered":"Bambus sch\u00fcssel Babyschale Set mit Saugnapfsockel mit L\u00f6ffel und Gabel aus nat\u00fcrlichem Bambus"},"content":{"rendered":"<p>Durchmesser\uff1a12*6cm<br \/>\nHolz\uff1aBambus<br \/>\nmit Gabel und Loeffel<br \/>\nmit saugnapf<\/p>","protected":false},"excerpt":{"rendered":"<p>Durchmesser\uff1a12*6cm Holz\uff1aBambus mit Gabel und Loeffel mit saugnapf<\/p>","protected":false},"featured_media":145,"comment_status":"open","ping_status":"closed","template":"","meta":[],"product_cat":[28],"product_tag":[],"class_list":{"0":"post-144","1":"product","2":"type-product","3":"status-publish","4":"has-post-thumbnail","6":"product_cat-toys-children-baby","8":"first","9":"instock","10":"shipping-taxable","11":"purchasable","12":"product-type-simple"},"jetpack_sharing_enabled":true,"_links":{"self":[{"href":"https:\/\/joyfun.shop\/de\/wp-json\/wp\/v2\/product\/144"}],"collection":[{"href":"https:\/\/joyfun.shop\/de\/wp-json\/wp\/v2\/product"}],"about":[{"href":"https:\/\/joyfun.shop\/de\/wp-json\/wp\/v2\/types\/product"}],"replies":[{"embeddable":true,"href":"https:\/\/joyfun.shop\/de\/wp-json\/wp\/v2\/comments?post=144"}],"wp:featuredmedia":[{"embeddable":true,"href":"https:\/\/joyfun.shop\/de\/wp-json\/wp\/v2\/media\/145"}],"wp:attachment":[{"href":"https:\/\/joyfun.shop\/de\/wp-json\/wp\/v2\/media?parent=144"}],"wp:term":[{"taxonomy":"product_cat","embeddable":true,"href":"https:\/\/joyfun.shop\/de\/wp-json\/wp\/v2\/product_cat?post=144"},{"taxonomy":"product_tag","embeddable":true,"href":"https:\/\/joyfun.shop\/de\/wp-json\/wp\/v2\/product_tag?post=144"}],"curies":[{"name":"wp","href":"https:\/\/api.w.org\/{rel}","templated":true}]}}