{"id":148,"date":"2023-04-18T13:11:50","date_gmt":"2023-04-18T05:11:50","guid":{"rendered":"https:\/\/joyfun.shop\/?post_type=product&#038;p=148"},"modified":"2024-05-11T09:56:18","modified_gmt":"2024-05-11T01:56:18","slug":"kinder-strandspielzeug","status":"publish","type":"product","link":"https:\/\/joyfun.shop\/de\/dp\/kinder-strandspielzeug\/","title":{"rendered":"Sandspielzeug Set aus Silikon f\u00fcr Kinder Strandspielzeug Set f\u00fcr Jungen und M\u00e4dchen\/ Gartenspielzeug \/ Sandeimer und Sandf\u00f6rmchen \/ Sandkastenspielzeug"},"content":{"rendered":"<p>Perfekte Gr\u00f6\u00dfe<br \/>\nDas Strandspielzeug hat die perfekte Gr\u00f6\u00dfe f\u00fcr Kinder. Die Haltegriffe des Eimers und der Schaufel wurden exakt auf die kleinen Fingerchen angepasst und die Sandf\u00f6rmchen liegen super in den kleinen Kinderh\u00e4nden.<\/p>\n<p>Tolles Design<br \/>\nUnser liebevoll designtes Strand-\/Sandspielzeug-Set macht jeden Aufenthalt im Freien zum Erlebnis. Die F\u00f6rmchen sind mit viel Liebe zu Detail gestaltet und heben sich von anderen gew\u00f6hnlichen Formen ab.<\/p>\n<p>Einfacher Transport<br \/>\nDie F\u00f6rmchen und Schaufel k\u00f6nnen einfach und sicher in dem Eimer transportiert werden.<\/p>\n<p>So k\u00f6nnen die kleinen Abenteurer stolz das Eimerchen selber tragen.<\/p>","protected":false},"excerpt":{"rendered":"<p>Perfekte Gr\u00f6\u00dfe Das Strandspielzeug hat die perfekte Gr\u00f6\u00dfe f\u00fcr Kinder. Die Haltegriffe des Eimers und der Schaufel wurden exakt auf die kleinen Fingerchen angepasst und die Sandf\u00f6rmchen liegen super in den kleinen Kinderh\u00e4nden. Tolles Design Unser liebevoll designtes Strand-\/Sandspielzeug-Set macht jeden Aufenthalt im Freien zum Erlebnis. Die F\u00f6rmchen sind mit viel Liebe zu Detail gestaltet [&hellip;]<\/p>","protected":false},"featured_media":149,"comment_status":"open","ping_status":"closed","template":"","meta":[],"product_cat":[28],"product_tag":[],"class_list":{"0":"post-148","1":"product","2":"type-product","3":"status-publish","4":"has-post-thumbnail","6":"product_cat-toys-children-baby","8":"first","9":"instock","10":"shipping-taxable","11":"purchasable","12":"product-type-simple"},"jetpack_sharing_enabled":true,"_links":{"self":[{"href":"https:\/\/joyfun.shop\/de\/wp-json\/wp\/v2\/product\/148"}],"collection":[{"href":"https:\/\/joyfun.shop\/de\/wp-json\/wp\/v2\/product"}],"about":[{"href":"https:\/\/joyfun.shop\/de\/wp-json\/wp\/v2\/types\/product"}],"replies":[{"embeddable":true,"href":"https:\/\/joyfun.shop\/de\/wp-json\/wp\/v2\/comments?post=148"}],"wp:featuredmedia":[{"embeddable":true,"href":"https:\/\/joyfun.shop\/de\/wp-json\/wp\/v2\/media\/149"}],"wp:attachment":[{"href":"https:\/\/joyfun.shop\/de\/wp-json\/wp\/v2\/media?parent=148"}],"wp:term":[{"taxonomy":"product_cat","embeddable":true,"href":"https:\/\/joyfun.shop\/de\/wp-json\/wp\/v2\/product_cat?post=148"},{"taxonomy":"product_tag","embeddable":true,"href":"https:\/\/joyfun.shop\/de\/wp-json\/wp\/v2\/product_tag?post=148"}],"curies":[{"name":"wp","href":"https:\/\/api.w.org\/{rel}","templated":true}]}}