{"id":160,"date":"2023-05-05T10:43:19","date_gmt":"2023-05-05T02:43:19","guid":{"rendered":"https:\/\/joyfun.shop\/?post_type=product&#038;p=160"},"modified":"2024-05-12T17:15:29","modified_gmt":"2024-05-12T09:15:29","slug":"trennsteg-fur-brotdose","status":"publish","type":"product","link":"https:\/\/joyfun.shop\/de\/dp\/trennsteg-fur-brotdose\/","title":{"rendered":"Trennsteg f\u00fcr Brotdose, Abtrennung Lunchdose, Trennwand Bambus Brotdose,Separation for bread box, separation lunch box, partition bamboo lunch box"},"content":{"rendered":"<p>Die Trennw\u00e4nde aus Bambus sind perfekt um f\u00fcr Ordnung in deiner Lunchbox zu sorgen.<br \/>\nSo kannst du Obst, Brote, S\u00fc\u00dfigkeiten und alle anderen Leckereien voneinander abtrennen.\ud83e\udd70<\/p>\n<p>Die Trennstege passen nur in unsere hier angebotenen Lunchboxen.<\/p>\n<p>Die kleinen Trennw\u00e4nde passen in die kleinen Wei\u00dfblech und Edelstahl Lunchboxen.<br \/>\nDie gro\u00dfen Trennw\u00e4nde passen in die gro\u00dfen Lunchboxen.<\/p>\n<p>Die Trennw\u00e4nde sind herausnehmen und die Position der Abtrennung kannst du je nach Inhalt variieren.<\/p>\n<p>The bamboo dividing walls are perfect to ensure order in your lunch box.<br \/>\nSo you can cut off fruit, bread, sweets and all other treats.<\/p>\n<p>The separating walkways only fit into our lunch boxes offered here.<\/p>\n<p>The small partitions fit into the small white sheet and stainless steel lunch boxes.<br \/>\nThe large partitions fit into the large lunch boxes.<\/p>\n<p>The partition walls are removed and the position of separation can vary depending on the content.<\/p>","protected":false},"excerpt":{"rendered":"<p>Die Trennw\u00e4nde aus Bambus sind perfekt um f\u00fcr Ordnung in deiner Lunchbox zu sorgen. So kannst du Obst, Brote, S\u00fc\u00dfigkeiten und alle anderen Leckereien voneinander abtrennen.\ud83e\udd70 Die Trennstege passen nur in unsere hier angebotenen Lunchboxen. Die kleinen Trennw\u00e4nde passen in die kleinen Wei\u00dfblech und Edelstahl Lunchboxen. Die gro\u00dfen Trennw\u00e4nde passen in die gro\u00dfen Lunchboxen. Die [&hellip;]<\/p>","protected":false},"featured_media":161,"comment_status":"open","ping_status":"closed","template":"","meta":[],"product_cat":[42,28],"product_tag":[],"class_list":{"0":"post-160","1":"product","2":"type-product","3":"status-publish","4":"has-post-thumbnail","6":"product_cat-home-kitchen","7":"product_cat-toys-children-baby","9":"first","10":"instock","11":"shipping-taxable","12":"purchasable","13":"product-type-simple"},"jetpack_sharing_enabled":true,"_links":{"self":[{"href":"https:\/\/joyfun.shop\/de\/wp-json\/wp\/v2\/product\/160"}],"collection":[{"href":"https:\/\/joyfun.shop\/de\/wp-json\/wp\/v2\/product"}],"about":[{"href":"https:\/\/joyfun.shop\/de\/wp-json\/wp\/v2\/types\/product"}],"replies":[{"embeddable":true,"href":"https:\/\/joyfun.shop\/de\/wp-json\/wp\/v2\/comments?post=160"}],"wp:featuredmedia":[{"embeddable":true,"href":"https:\/\/joyfun.shop\/de\/wp-json\/wp\/v2\/media\/161"}],"wp:attachment":[{"href":"https:\/\/joyfun.shop\/de\/wp-json\/wp\/v2\/media?parent=160"}],"wp:term":[{"taxonomy":"product_cat","embeddable":true,"href":"https:\/\/joyfun.shop\/de\/wp-json\/wp\/v2\/product_cat?post=160"},{"taxonomy":"product_tag","embeddable":true,"href":"https:\/\/joyfun.shop\/de\/wp-json\/wp\/v2\/product_tag?post=160"}],"curies":[{"name":"wp","href":"https:\/\/api.w.org\/{rel}","templated":true}]}}