{"id":162,"date":"2023-05-05T10:47:18","date_gmt":"2023-05-05T02:47:18","guid":{"rendered":"https:\/\/joyfun.shop\/?post_type=product&#038;p=162"},"modified":"2024-05-12T17:15:17","modified_gmt":"2024-05-12T09:15:17","slug":"brotdose-deckel","status":"publish","type":"product","link":"https:\/\/joyfun.shop\/de\/dp\/brotdose-deckel\/","title":{"rendered":"Brotdose Deckel personalisiert, Brotdose Lunchbox Deckel, Brotdose Kinder"},"content":{"rendered":"<p>Personalisierte Brotdose perfekt f\u00fcr den Kindergarten, die Schule, f\u00fcr Unterwegs oder als Geschenk.<\/p>\n<p>ENDLICH GIBT ES SIE AUCH IN FARBIG \ud83d\ude42<\/p>\n<p>Deine neue Lunchbox ist viel mehr als nur ein Aufbewahrungsbeh\u00e4lter f\u00fcrs Essen. Die Brotdose wird von einem h\u00fcbschen Regenbogenmotiv geschm\u00fcckt und mit deinem Wunschnamen verziert. So hat jeder in der Familie seine ganz pers\u00f6nliche Brotdose, mit der Pause und Essen gleich doppelt so viel Spa\u00df machen.<\/p>\n<p>Der h\u00fcbsche Bambusholzdeckel kann auch als Fr\u00fchst\u00fccksbrettchen genutzt werden.<\/p>\n<p>Der einfache Verschlu\u00df ist auch f\u00fcr Kleinkinder problemlos zu bet\u00e4tigen<\/p>","protected":false},"excerpt":{"rendered":"<p>Personalisierte Brotdose perfekt f\u00fcr den Kindergarten, die Schule, f\u00fcr Unterwegs oder als Geschenk. ENDLICH GIBT ES SIE AUCH IN FARBIG \ud83d\ude42 Deine neue Lunchbox ist viel mehr als nur ein Aufbewahrungsbeh\u00e4lter f\u00fcrs Essen. Die Brotdose wird von einem h\u00fcbschen Regenbogenmotiv geschm\u00fcckt und mit deinem Wunschnamen verziert. So hat jeder in der Familie seine ganz pers\u00f6nliche [&hellip;]<\/p>","protected":false},"featured_media":163,"comment_status":"open","ping_status":"closed","template":"","meta":[],"product_cat":[42,28],"product_tag":[],"class_list":{"0":"post-162","1":"product","2":"type-product","3":"status-publish","4":"has-post-thumbnail","6":"product_cat-home-kitchen","7":"product_cat-toys-children-baby","9":"first","10":"instock","11":"shipping-taxable","12":"purchasable","13":"product-type-simple"},"jetpack_sharing_enabled":true,"_links":{"self":[{"href":"https:\/\/joyfun.shop\/de\/wp-json\/wp\/v2\/product\/162"}],"collection":[{"href":"https:\/\/joyfun.shop\/de\/wp-json\/wp\/v2\/product"}],"about":[{"href":"https:\/\/joyfun.shop\/de\/wp-json\/wp\/v2\/types\/product"}],"replies":[{"embeddable":true,"href":"https:\/\/joyfun.shop\/de\/wp-json\/wp\/v2\/comments?post=162"}],"wp:featuredmedia":[{"embeddable":true,"href":"https:\/\/joyfun.shop\/de\/wp-json\/wp\/v2\/media\/163"}],"wp:attachment":[{"href":"https:\/\/joyfun.shop\/de\/wp-json\/wp\/v2\/media?parent=162"}],"wp:term":[{"taxonomy":"product_cat","embeddable":true,"href":"https:\/\/joyfun.shop\/de\/wp-json\/wp\/v2\/product_cat?post=162"},{"taxonomy":"product_tag","embeddable":true,"href":"https:\/\/joyfun.shop\/de\/wp-json\/wp\/v2\/product_tag?post=162"}],"curies":[{"name":"wp","href":"https:\/\/api.w.org\/{rel}","templated":true}]}}