{"id":164,"date":"2023-05-05T10:56:28","date_gmt":"2023-05-05T02:56:28","guid":{"rendered":"https:\/\/joyfun.shop\/?post_type=product&#038;p=164"},"modified":"2024-05-12T16:35:15","modified_gmt":"2024-05-12T08:35:15","slug":"personalisiert-verpackungspapier","status":"publish","type":"product","link":"https:\/\/joyfun.shop\/de\/dp\/personalisiert-verpackungspapier\/","title":{"rendered":"Verpackungspapier,Verpackungsschachtel,Karte,Gru\u00dfkarte, Dankeskarte,Verpackungstasche\uff0cUmkarton,Seidenpapier,umwelt freundliche Poly-Schutz folie,personalisiert"},"content":{"rendered":"<p>Hohe Qualit\u00e4t Papier<br \/>\nHergestellt von high-qualit\u00e4t papier, nicht leicht zu rei\u00dfen, kann falten und verwenden f\u00fcr alle jahr um. Recycelbar und wiederverwendbare.<\/p>\n<p>Einzigartige Design Farbe<br \/>\nDie metallic gold ist beliebt und blickfang, muster ist klar und niedlich, hinzuf\u00fcgen, klasse und wert jedem pr\u00e4sentiert sie geben sofort, machen party mehr kreative und beeindruckend.<\/p>\n<p>Breite Palette von Useage<br \/>\nUnsere sch\u00f6ne geschenk seidenpapier papier Perfekt f\u00fcr Kleidung, schuhe, geschenk dekoration, geschenk verpackung boxen und taschen, urlaub geschenk extra-spezielle, dekorationen f\u00fcr Weihnachten party, hochzeiten, weihnachten b\u00e4ume, wein flaschen, kunst &amp; handwerk und mehr. Ideal f\u00fcr lehrer, studenten, und k\u00fcnstler gleicherma\u00dfen.<\/p>\n<p>&nbsp;<\/p>\n<p>Wir m\u00f6chten uns als die beste Wahl in der Verpackungs beratung,-entwicklung und-anwendung etablieren, indem wir das gesamte Spektrum der Dienstleistungen anbieten.<\/p>","protected":false},"excerpt":{"rendered":"<p>Hohe Qualit\u00e4t Papier Hergestellt von high-qualit\u00e4t papier, nicht leicht zu rei\u00dfen, kann falten und verwenden f\u00fcr alle jahr um. Recycelbar und wiederverwendbare. Einzigartige Design Farbe Die metallic gold ist beliebt und blickfang, muster ist klar und niedlich, hinzuf\u00fcgen, klasse und wert jedem pr\u00e4sentiert sie geben sofort, machen party mehr kreative und beeindruckend. Breite Palette von [&hellip;]<\/p>","protected":false},"featured_media":170,"comment_status":"open","ping_status":"closed","template":"","meta":[],"product_cat":[47],"product_tag":[],"class_list":{"0":"post-164","1":"product","2":"type-product","3":"status-publish","4":"has-post-thumbnail","6":"product_cat-packing-materials","8":"first","9":"instock","10":"shipping-taxable","11":"purchasable","12":"product-type-simple"},"jetpack_sharing_enabled":true,"_links":{"self":[{"href":"https:\/\/joyfun.shop\/de\/wp-json\/wp\/v2\/product\/164"}],"collection":[{"href":"https:\/\/joyfun.shop\/de\/wp-json\/wp\/v2\/product"}],"about":[{"href":"https:\/\/joyfun.shop\/de\/wp-json\/wp\/v2\/types\/product"}],"replies":[{"embeddable":true,"href":"https:\/\/joyfun.shop\/de\/wp-json\/wp\/v2\/comments?post=164"}],"wp:featuredmedia":[{"embeddable":true,"href":"https:\/\/joyfun.shop\/de\/wp-json\/wp\/v2\/media\/170"}],"wp:attachment":[{"href":"https:\/\/joyfun.shop\/de\/wp-json\/wp\/v2\/media?parent=164"}],"wp:term":[{"taxonomy":"product_cat","embeddable":true,"href":"https:\/\/joyfun.shop\/de\/wp-json\/wp\/v2\/product_cat?post=164"},{"taxonomy":"product_tag","embeddable":true,"href":"https:\/\/joyfun.shop\/de\/wp-json\/wp\/v2\/product_tag?post=164"}],"curies":[{"name":"wp","href":"https:\/\/api.w.org\/{rel}","templated":true}]}}