{"id":171,"date":"2023-05-05T11:07:50","date_gmt":"2023-05-05T03:07:50","guid":{"rendered":"https:\/\/joyfun.shop\/?post_type=product&#038;p=171"},"modified":"2024-05-11T09:46:13","modified_gmt":"2024-05-11T01:46:13","slug":"montessori-fadelspielzeug-dinosaurier","status":"publish","type":"product","link":"https:\/\/joyfun.shop\/de\/dp\/montessori-fadelspielzeug-dinosaurier\/","title":{"rendered":"Wooden Dinosaur Threading Board Montessori Roping Game Educational Toys \u00a0Baby Holzspielzeug Dinosaurier F\u00e4delbrett F\u00e4delspiel Lernspielzeug Montessori F\u00e4delspielzeug"},"content":{"rendered":"<p>* niedliches Dino-Design<\/p>\n<p>* schult die Augen und Hand Koordination<\/p>\n<p>* f\u00f6rdert die Feinmotorik<\/p>\n<p>* aus Holz<\/p>\n<p>* tolle Geschenkidee zum Geburtstag<\/p>","protected":false},"excerpt":{"rendered":"<p>* niedliches Dino-Design * schult die Augen und Hand Koordination * f\u00f6rdert die Feinmotorik * aus Holz * tolle Geschenkidee zum Geburtstag<\/p>","protected":false},"featured_media":173,"comment_status":"open","ping_status":"closed","template":"","meta":[],"product_cat":[28],"product_tag":[],"class_list":{"0":"post-171","1":"product","2":"type-product","3":"status-publish","4":"has-post-thumbnail","6":"product_cat-toys-children-baby","8":"first","9":"instock","10":"shipping-taxable","11":"purchasable","12":"product-type-simple"},"jetpack_sharing_enabled":true,"_links":{"self":[{"href":"https:\/\/joyfun.shop\/de\/wp-json\/wp\/v2\/product\/171"}],"collection":[{"href":"https:\/\/joyfun.shop\/de\/wp-json\/wp\/v2\/product"}],"about":[{"href":"https:\/\/joyfun.shop\/de\/wp-json\/wp\/v2\/types\/product"}],"replies":[{"embeddable":true,"href":"https:\/\/joyfun.shop\/de\/wp-json\/wp\/v2\/comments?post=171"}],"wp:featuredmedia":[{"embeddable":true,"href":"https:\/\/joyfun.shop\/de\/wp-json\/wp\/v2\/media\/173"}],"wp:attachment":[{"href":"https:\/\/joyfun.shop\/de\/wp-json\/wp\/v2\/media?parent=171"}],"wp:term":[{"taxonomy":"product_cat","embeddable":true,"href":"https:\/\/joyfun.shop\/de\/wp-json\/wp\/v2\/product_cat?post=171"},{"taxonomy":"product_tag","embeddable":true,"href":"https:\/\/joyfun.shop\/de\/wp-json\/wp\/v2\/product_tag?post=171"}],"curies":[{"name":"wp","href":"https:\/\/api.w.org\/{rel}","templated":true}]}}