{"id":174,"date":"2023-05-05T11:13:34","date_gmt":"2023-05-05T03:13:34","guid":{"rendered":"https:\/\/joyfun.shop\/?post_type=product&#038;p=174"},"modified":"2024-05-11T09:40:45","modified_gmt":"2024-05-11T01:40:45","slug":"wooden-abacus","status":"publish","type":"product","link":"https:\/\/joyfun.shop\/de\/dp\/wooden-abacus\/","title":{"rendered":"Wooden Abacus Early Childhood Math Toy Counting Beads Montessori Spielzeug Montessori Educational Toy\uff0cH\u00f6lzerne Abakus fr\u00fchkindliche Mathematikspielzeugz\u00e4hlungs Perlen Montessori Spielzug Montessori Bildungsspielzeug,Holz-Abakus-Perlen fr\u00fchkindliche Bildung Spielzeug"},"content":{"rendered":"<p>Product Name Wooden bead rack toys<br \/>\nFeature<br \/>\nEco-friendly &amp; BPA Free<br \/>\nBaby Educational Toy<br \/>\nsize:29*23cm<br \/>\nOpp Bag<br \/>\nMaterial :Wood<\/p>","protected":false},"excerpt":{"rendered":"<p>Product Name Wooden bead rack toys Feature Eco-friendly &amp; BPA Free Baby Educational Toy size:29*23cm Opp Bag Material :Wood<\/p>","protected":false},"featured_media":175,"comment_status":"open","ping_status":"closed","template":"","meta":[],"product_cat":[28],"product_tag":[],"class_list":{"0":"post-174","1":"product","2":"type-product","3":"status-publish","4":"has-post-thumbnail","6":"product_cat-toys-children-baby","8":"first","9":"instock","10":"shipping-taxable","11":"purchasable","12":"product-type-simple"},"jetpack_sharing_enabled":true,"_links":{"self":[{"href":"https:\/\/joyfun.shop\/de\/wp-json\/wp\/v2\/product\/174"}],"collection":[{"href":"https:\/\/joyfun.shop\/de\/wp-json\/wp\/v2\/product"}],"about":[{"href":"https:\/\/joyfun.shop\/de\/wp-json\/wp\/v2\/types\/product"}],"replies":[{"embeddable":true,"href":"https:\/\/joyfun.shop\/de\/wp-json\/wp\/v2\/comments?post=174"}],"wp:featuredmedia":[{"embeddable":true,"href":"https:\/\/joyfun.shop\/de\/wp-json\/wp\/v2\/media\/175"}],"wp:attachment":[{"href":"https:\/\/joyfun.shop\/de\/wp-json\/wp\/v2\/media?parent=174"}],"wp:term":[{"taxonomy":"product_cat","embeddable":true,"href":"https:\/\/joyfun.shop\/de\/wp-json\/wp\/v2\/product_cat?post=174"},{"taxonomy":"product_tag","embeddable":true,"href":"https:\/\/joyfun.shop\/de\/wp-json\/wp\/v2\/product_tag?post=174"}],"curies":[{"name":"wp","href":"https:\/\/api.w.org\/{rel}","templated":true}]}}