{"id":176,"date":"2023-05-05T11:28:12","date_gmt":"2023-05-05T03:28:12","guid":{"rendered":"https:\/\/joyfun.shop\/?post_type=product&#038;p=176"},"modified":"2024-05-11T17:44:46","modified_gmt":"2024-05-11T09:44:46","slug":"6-in-1-campingbesteck","status":"publish","type":"product","link":"https:\/\/joyfun.shop\/de\/dp\/6-in-1-campingbesteck\/","title":{"rendered":"6 in 1 Campingbesteck Edestahl Outdoor Besteck Set mit Holzgriff \u2013 Klappbar Camping Tool f\u00fcr Unterwegs Outdoor Besteck Kit Klappbares Besteck mit Besfestigung"},"content":{"rendered":"<p>Hochwertige Materialien: Outdoor-Geschirr besteht aus Edelstahl und Bambus oder Buchenholz, Es ist nicht rostfrei.<br \/>\nLeicht zu reinigen: Waschbarer Geschirrsp\u00fcler, nicht nur langlebig, sondern auch leicht zu reinigen, unabh\u00e4ngig vom Wetter, einfach zu bedienen.<br \/>\nMultifunktions-Camping-Geschirrwerkzeuge haben 6 Funktionen, wie Gabel, L\u00f6ffel, Messer, Flaschen\u00f6ffner, Dosen\u00f6ffner und Flaschen\u00f6ffner.<br \/>\nEinfach zu bedienen &#8211; Sie k\u00f6nnen das Besteck auseinander nehmen oder nach Bedarf \u00f6ffnen. Ob Salat, Fleisch oder Suppe &#8211; Sie k\u00f6nnen essen, was Sie wollen.<br \/>\nGro\u00dfe Auswahl: Ob Camping, Wandern, Reisen, Grillen oder Rucksackwandern &#8211; ein guter Campingurlaub erfordert die richtigen Werkzeuge! Bei jedem Campingausflug sollte es nicht an hochwertigem multifunktionalem Campingklappgeschirr mangeln. Aufgrund seiner geringen Gr\u00f6\u00dfe kann es problemlos in einem Rucksack verstaut werden.<\/p>","protected":false},"excerpt":{"rendered":"<p>Hochwertige Materialien: Outdoor-Geschirr besteht aus Edelstahl und Bambus oder Buchenholz, Es ist nicht rostfrei. Leicht zu reinigen: Waschbarer Geschirrsp\u00fcler, nicht nur langlebig, sondern auch leicht zu reinigen, unabh\u00e4ngig vom Wetter, einfach zu bedienen. Multifunktions-Camping-Geschirrwerkzeuge haben 6 Funktionen, wie Gabel, L\u00f6ffel, Messer, Flaschen\u00f6ffner, Dosen\u00f6ffner und Flaschen\u00f6ffner. Einfach zu bedienen &#8211; Sie k\u00f6nnen das Besteck auseinander nehmen [&hellip;]<\/p>","protected":false},"featured_media":196,"comment_status":"open","ping_status":"closed","template":"","meta":[],"product_cat":[45],"product_tag":[],"class_list":{"0":"post-176","1":"product","2":"type-product","3":"status-publish","4":"has-post-thumbnail","6":"product_cat-camping-hiking","8":"first","9":"instock","10":"shipping-taxable","11":"purchasable","12":"product-type-simple"},"jetpack_sharing_enabled":true,"_links":{"self":[{"href":"https:\/\/joyfun.shop\/de\/wp-json\/wp\/v2\/product\/176"}],"collection":[{"href":"https:\/\/joyfun.shop\/de\/wp-json\/wp\/v2\/product"}],"about":[{"href":"https:\/\/joyfun.shop\/de\/wp-json\/wp\/v2\/types\/product"}],"replies":[{"embeddable":true,"href":"https:\/\/joyfun.shop\/de\/wp-json\/wp\/v2\/comments?post=176"}],"wp:featuredmedia":[{"embeddable":true,"href":"https:\/\/joyfun.shop\/de\/wp-json\/wp\/v2\/media\/196"}],"wp:attachment":[{"href":"https:\/\/joyfun.shop\/de\/wp-json\/wp\/v2\/media?parent=176"}],"wp:term":[{"taxonomy":"product_cat","embeddable":true,"href":"https:\/\/joyfun.shop\/de\/wp-json\/wp\/v2\/product_cat?post=176"},{"taxonomy":"product_tag","embeddable":true,"href":"https:\/\/joyfun.shop\/de\/wp-json\/wp\/v2\/product_tag?post=176"}],"curies":[{"name":"wp","href":"https:\/\/api.w.org\/{rel}","templated":true}]}}