{"id":182,"date":"2023-05-05T11:34:07","date_gmt":"2023-05-05T03:34:07","guid":{"rendered":"https:\/\/joyfun.shop\/?post_type=product&#038;p=182"},"modified":"2024-05-11T09:38:40","modified_gmt":"2024-05-11T01:38:40","slug":"teddybar-plusch-puppe","status":"publish","type":"product","link":"https:\/\/joyfun.shop\/de\/dp\/teddybar-plusch-puppe\/","title":{"rendered":"Teddyb\u00e4r Pl\u00fcsch Puppe Kurzk\u00f6pfige Pl\u00fcschb\u00e4r T -Shirt Capital Custom Logo personalisiert"},"content":{"rendered":"<p>Teddyb\u00e4r selbst gestalten: Personalisiere Dein Kuscheltier mit einem eigenen Foto und\/oder Text. Einfach &#8220;Jetzt anpassen&#8221; klicken. Eine individuelle Geschenkidee zu Weihnachten oder zum Geburtstag.<br \/>\nAngen\u00e4hte Knopfaugen aus Kunststoff<br \/>\nOb als Kuscheltier, bester Freund oder treuer Bettbewacher \u2013 der niedliche Kuschelteddy mit T-Shirt empf\u00e4ngt gro\u00dfe und kleine Schmuseb\u00e4ren mit offenen Armen<br \/>\nH\u00f6he sitzend: 20 cm 25cm<\/p>","protected":false},"excerpt":{"rendered":"<p>Teddyb\u00e4r selbst gestalten: Personalisiere Dein Kuscheltier mit einem eigenen Foto und\/oder Text. Einfach &#8220;Jetzt anpassen&#8221; klicken. Eine individuelle Geschenkidee zu Weihnachten oder zum Geburtstag. Angen\u00e4hte Knopfaugen aus Kunststoff Ob als Kuscheltier, bester Freund oder treuer Bettbewacher \u2013 der niedliche Kuschelteddy mit T-Shirt empf\u00e4ngt gro\u00dfe und kleine Schmuseb\u00e4ren mit offenen Armen H\u00f6he sitzend: 20 cm 25cm<\/p>","protected":false},"featured_media":185,"comment_status":"open","ping_status":"closed","template":"","meta":[],"product_cat":[28],"product_tag":[],"class_list":{"0":"post-182","1":"product","2":"type-product","3":"status-publish","4":"has-post-thumbnail","6":"product_cat-toys-children-baby","8":"first","9":"instock","10":"shipping-taxable","11":"purchasable","12":"product-type-simple"},"jetpack_sharing_enabled":true,"_links":{"self":[{"href":"https:\/\/joyfun.shop\/de\/wp-json\/wp\/v2\/product\/182"}],"collection":[{"href":"https:\/\/joyfun.shop\/de\/wp-json\/wp\/v2\/product"}],"about":[{"href":"https:\/\/joyfun.shop\/de\/wp-json\/wp\/v2\/types\/product"}],"replies":[{"embeddable":true,"href":"https:\/\/joyfun.shop\/de\/wp-json\/wp\/v2\/comments?post=182"}],"wp:featuredmedia":[{"embeddable":true,"href":"https:\/\/joyfun.shop\/de\/wp-json\/wp\/v2\/media\/185"}],"wp:attachment":[{"href":"https:\/\/joyfun.shop\/de\/wp-json\/wp\/v2\/media?parent=182"}],"wp:term":[{"taxonomy":"product_cat","embeddable":true,"href":"https:\/\/joyfun.shop\/de\/wp-json\/wp\/v2\/product_cat?post=182"},{"taxonomy":"product_tag","embeddable":true,"href":"https:\/\/joyfun.shop\/de\/wp-json\/wp\/v2\/product_tag?post=182"}],"curies":[{"name":"wp","href":"https:\/\/api.w.org\/{rel}","templated":true}]}}