{"id":187,"date":"2023-05-05T11:42:24","date_gmt":"2023-05-05T03:42:24","guid":{"rendered":"https:\/\/joyfun.shop\/?post_type=product&#038;p=187"},"modified":"2024-05-11T09:37:37","modified_gmt":"2024-05-11T01:37:37","slug":"teddyplusch-rassel","status":"publish","type":"product","link":"https:\/\/joyfun.shop\/de\/dp\/teddyplusch-rassel\/","title":{"rendered":"Tierrassel, Teddypl\u00fcsch, Bei\u00dfring, Greifring, Rassel, Babybei\u00dfring, Babyrassel personalisiert"},"content":{"rendered":"<p>Tierassel aus Teddypl\u00fcsch<\/p>\n<p>Der beste Begleiter f\u00fcr deinen Liebling: So einzigartig und nat\u00fcrlich in seinem Design eignet sich der Bei\u00dfring hervorragend zum Spielen und f\u00f6rdert die motorische und sensorische Entwicklung deines Babys. Bei Bewegung der Rassel gibt sie einen leisen Klang von sich. Die weiche Oberfl\u00e4che aus glattem Buchenholz und das liebevoll geh\u00e4kelte Design passen perfekt in die kleinen H\u00e4nde. Auch ein sch\u00f6nes Geschenk zur Geburt oder f\u00fcr die Babyshower Party.<\/p>","protected":false},"excerpt":{"rendered":"<p>Tierassel aus Teddypl\u00fcsch Der beste Begleiter f\u00fcr deinen Liebling: So einzigartig und nat\u00fcrlich in seinem Design eignet sich der Bei\u00dfring hervorragend zum Spielen und f\u00f6rdert die motorische und sensorische Entwicklung deines Babys. Bei Bewegung der Rassel gibt sie einen leisen Klang von sich. Die weiche Oberfl\u00e4che aus glattem Buchenholz und das liebevoll geh\u00e4kelte Design passen [&hellip;]<\/p>","protected":false},"featured_media":189,"comment_status":"open","ping_status":"closed","template":"","meta":[],"product_cat":[28],"product_tag":[],"class_list":{"0":"post-187","1":"product","2":"type-product","3":"status-publish","4":"has-post-thumbnail","6":"product_cat-toys-children-baby","8":"first","9":"instock","10":"shipping-taxable","11":"purchasable","12":"product-type-simple"},"jetpack_sharing_enabled":true,"_links":{"self":[{"href":"https:\/\/joyfun.shop\/de\/wp-json\/wp\/v2\/product\/187"}],"collection":[{"href":"https:\/\/joyfun.shop\/de\/wp-json\/wp\/v2\/product"}],"about":[{"href":"https:\/\/joyfun.shop\/de\/wp-json\/wp\/v2\/types\/product"}],"replies":[{"embeddable":true,"href":"https:\/\/joyfun.shop\/de\/wp-json\/wp\/v2\/comments?post=187"}],"wp:featuredmedia":[{"embeddable":true,"href":"https:\/\/joyfun.shop\/de\/wp-json\/wp\/v2\/media\/189"}],"wp:attachment":[{"href":"https:\/\/joyfun.shop\/de\/wp-json\/wp\/v2\/media?parent=187"}],"wp:term":[{"taxonomy":"product_cat","embeddable":true,"href":"https:\/\/joyfun.shop\/de\/wp-json\/wp\/v2\/product_cat?post=187"},{"taxonomy":"product_tag","embeddable":true,"href":"https:\/\/joyfun.shop\/de\/wp-json\/wp\/v2\/product_tag?post=187"}],"curies":[{"name":"wp","href":"https:\/\/api.w.org\/{rel}","templated":true}]}}