{"id":197,"date":"2023-05-05T12:23:49","date_gmt":"2023-05-05T04:23:49","guid":{"rendered":"https:\/\/joyfun.shop\/?post_type=product&#038;p=197"},"modified":"2024-05-11T17:40:29","modified_gmt":"2024-05-11T09:40:29","slug":"usb-netzstecker","status":"publish","type":"product","link":"https:\/\/joyfun.shop\/de\/dp\/usb-netzstecker\/","title":{"rendered":"USB Netzstecker USB Netzteil  Ladeger\u00e4t Steckdosenadapter \u2013 Stecker  Universal Kompatibel mit Handy,Kamera,Tablets, MP3 usw,EU Plug"},"content":{"rendered":"<p>USB Netzstecker USB Netzteil Ladeger\u00e4t Steckdosenadapter &#8211; Stecker Universal Kompatibel mit Handy,Kamera,Tablets, MP3 usw,EU Plug Input: 100-240V 0,15A Output: 5V 1A<\/p>\n<p>&nbsp;<\/p>\n<p>STROMSTECKER &#8211; Laden Sie Ihr elektronisches Ger\u00e4t schnell und sicher mit diesem kompakten Stromstecker auf. Der schmale Stromadapter kann Sie \u00fcberallhin begleiten.<br \/>\nUNIVERSELL &#8211; Kompatibel mit allen USB-A Ladekabeln, z.B. aus dem Lieferumfang Ihres Smartphone, Handy, Kamera, MP3 usw.<br \/>\nKONTROLLIERT &#8211; Unsere Power Stecker werden von uns in hoher Regelm\u00e4\u00dfigkeit kontrolliert und sind mit einem \u00dcberladungs-, \u00dcberspannungs- und \u00dcberhitzungsschutz ausgestattet.<br \/>\nPLUG &amp; PLAY &#8211; Verbinden Sie Ihr Kabel einfach mit unserem Netzteil und laden das Ger\u00e4t ihrer Wahl.<br \/>\nDESIGN \u2013 USB Netzteil in Tolle Ultra-Slim Optik mit Farbe: Hochglanz wei\u00df<\/p>","protected":false},"excerpt":{"rendered":"<p>USB Netzstecker USB Netzteil Ladeger\u00e4t Steckdosenadapter &#8211; Stecker Universal Kompatibel mit Handy,Kamera,Tablets, MP3 usw,EU Plug Input: 100-240V 0,15A Output: 5V 1A &nbsp; STROMSTECKER &#8211; Laden Sie Ihr elektronisches Ger\u00e4t schnell und sicher mit diesem kompakten Stromstecker auf. Der schmale Stromadapter kann Sie \u00fcberallhin begleiten. UNIVERSELL &#8211; Kompatibel mit allen USB-A Ladekabeln, z.B. aus dem Lieferumfang [&hellip;]<\/p>","protected":false},"featured_media":201,"comment_status":"open","ping_status":"closed","template":"","meta":[],"product_cat":[44],"product_tag":[],"class_list":{"0":"post-197","1":"product","2":"type-product","3":"status-publish","4":"has-post-thumbnail","6":"product_cat-electronics-accessories","8":"first","9":"instock","10":"shipping-taxable","11":"purchasable","12":"product-type-simple"},"jetpack_sharing_enabled":true,"_links":{"self":[{"href":"https:\/\/joyfun.shop\/de\/wp-json\/wp\/v2\/product\/197"}],"collection":[{"href":"https:\/\/joyfun.shop\/de\/wp-json\/wp\/v2\/product"}],"about":[{"href":"https:\/\/joyfun.shop\/de\/wp-json\/wp\/v2\/types\/product"}],"replies":[{"embeddable":true,"href":"https:\/\/joyfun.shop\/de\/wp-json\/wp\/v2\/comments?post=197"}],"wp:featuredmedia":[{"embeddable":true,"href":"https:\/\/joyfun.shop\/de\/wp-json\/wp\/v2\/media\/201"}],"wp:attachment":[{"href":"https:\/\/joyfun.shop\/de\/wp-json\/wp\/v2\/media?parent=197"}],"wp:term":[{"taxonomy":"product_cat","embeddable":true,"href":"https:\/\/joyfun.shop\/de\/wp-json\/wp\/v2\/product_cat?post=197"},{"taxonomy":"product_tag","embeddable":true,"href":"https:\/\/joyfun.shop\/de\/wp-json\/wp\/v2\/product_tag?post=197"}],"curies":[{"name":"wp","href":"https:\/\/api.w.org\/{rel}","templated":true}]}}