{"id":212,"date":"2023-05-31T16:31:23","date_gmt":"2023-05-31T08:31:23","guid":{"rendered":"https:\/\/joyfun.shop\/?post_type=product&#038;p=212"},"modified":"2024-05-10T21:02:01","modified_gmt":"2024-05-10T13:02:01","slug":"kinderbesteck","status":"publish","type":"product","link":"https:\/\/joyfun.shop\/de\/dp\/kinderbesteck\/","title":{"rendered":"Kinderbesteck Silikon Gabel Kinderbesteck Gabel und Kinderl\u00f6ffel - Kinder Besteckset Besteck f\u00fcr Kinder"},"content":{"rendered":"<p>Lieferumfang: Kinderbesteck Kinderl\u00f6ffel Gabel<\/p>\n<p>Nicht f\u00fcr die Sp\u00fclmaschine geeignet!<\/p>","protected":false},"excerpt":{"rendered":"<h2>Beschreibung<\/h2>\n<p>Lieferumfang: Kinderbesteck Kinderl\u00f6ffel Gabel<\/p>\n<p>Nicht f\u00fcr die Sp\u00fclmaschine geeignet!<\/p>","protected":false},"featured_media":213,"comment_status":"open","ping_status":"closed","template":"","meta":[],"product_cat":[28],"product_tag":[],"class_list":{"0":"post-212","1":"product","2":"type-product","3":"status-publish","4":"has-post-thumbnail","6":"product_cat-toys-children-baby","8":"first","9":"instock","10":"shipping-taxable","11":"purchasable","12":"product-type-simple"},"jetpack_sharing_enabled":true,"_links":{"self":[{"href":"https:\/\/joyfun.shop\/de\/wp-json\/wp\/v2\/product\/212"}],"collection":[{"href":"https:\/\/joyfun.shop\/de\/wp-json\/wp\/v2\/product"}],"about":[{"href":"https:\/\/joyfun.shop\/de\/wp-json\/wp\/v2\/types\/product"}],"replies":[{"embeddable":true,"href":"https:\/\/joyfun.shop\/de\/wp-json\/wp\/v2\/comments?post=212"}],"wp:featuredmedia":[{"embeddable":true,"href":"https:\/\/joyfun.shop\/de\/wp-json\/wp\/v2\/media\/213"}],"wp:attachment":[{"href":"https:\/\/joyfun.shop\/de\/wp-json\/wp\/v2\/media?parent=212"}],"wp:term":[{"taxonomy":"product_cat","embeddable":true,"href":"https:\/\/joyfun.shop\/de\/wp-json\/wp\/v2\/product_cat?post=212"},{"taxonomy":"product_tag","embeddable":true,"href":"https:\/\/joyfun.shop\/de\/wp-json\/wp\/v2\/product_tag?post=212"}],"curies":[{"name":"wp","href":"https:\/\/api.w.org\/{rel}","templated":true}]}}