{"id":222,"date":"2023-06-13T11:09:39","date_gmt":"2023-06-13T03:09:39","guid":{"rendered":"https:\/\/joyfun.shop\/?post_type=product&#038;p=222"},"modified":"2024-05-12T17:46:44","modified_gmt":"2024-05-12T09:46:44","slug":"gartengerate-gartens-chaufel","status":"publish","type":"product","link":"https:\/\/joyfun.shop\/de\/dp\/gartengerate-gartens-chaufel\/","title":{"rendered":"Landwirtschaft Gartenger\u00e4te Gartens chaufel Gartens pielzeug f\u00fcr Kinder Mini Holz Hands chaufel Spaten Rechen Set"},"content":{"rendered":"<h3 class=\"magic-11\">Metall Hand Schaufel Mini Garten Werkzeuge f\u00fcr Kinder, Sicher Spielzeug Gartenger\u00e4te f\u00fcr Pflanzung Graben Umpflanzen<br \/>\n3pcs GARTEN WERKZEUG SET-Das set enth\u00e4lt kelle, rake und schaufel. Jedes werkzeug ist aus real, hohe qualit\u00e4t metall, mit eine dauerhafte hartholz griff<br \/>\nHELLE FARBEN, NETTE UND ADDORABLE-Die helle farben machen diese ein lieblings mit kinder. Diese werkzeuge sind super nette und entz\u00fcckende.<br \/>\nSEHR ROBUST, HOHE QUALIT\u00c4T WERKZEUGE-Diese werkzeuge sind aus hochwertigem metall mit fest befestigt holz griffe. wenn die kinder setzen einige festigkeit und power in diese und sie tun nicht biegung an alle.<\/h3>","protected":false},"excerpt":{"rendered":"<p>Metall Hand Schaufel Mini Garten Werkzeuge f\u00fcr Kinder, Sicher Spielzeug Gartenger\u00e4te f\u00fcr Pflanzung Graben Umpflanzen 3pcs GARTEN WERKZEUG SET-Das set enth\u00e4lt kelle, rake und schaufel. Jedes werkzeug ist aus real, hohe qualit\u00e4t metall, mit eine dauerhafte hartholz griff HELLE FARBEN, NETTE UND ADDORABLE-Die helle farben machen diese ein lieblings mit kinder. Diese werkzeuge sind super [&hellip;]<\/p>","protected":false},"featured_media":224,"comment_status":"open","ping_status":"closed","template":"","meta":[],"product_cat":[54,27,43],"product_tag":[],"class_list":{"0":"post-222","1":"product","2":"type-product","3":"status-publish","4":"has-post-thumbnail","6":"product_cat-baby-wishlist","7":"product_cat-diy-tools","8":"product_cat-toys-games","10":"first","11":"instock","12":"shipping-taxable","13":"purchasable","14":"product-type-simple"},"jetpack_sharing_enabled":true,"_links":{"self":[{"href":"https:\/\/joyfun.shop\/de\/wp-json\/wp\/v2\/product\/222"}],"collection":[{"href":"https:\/\/joyfun.shop\/de\/wp-json\/wp\/v2\/product"}],"about":[{"href":"https:\/\/joyfun.shop\/de\/wp-json\/wp\/v2\/types\/product"}],"replies":[{"embeddable":true,"href":"https:\/\/joyfun.shop\/de\/wp-json\/wp\/v2\/comments?post=222"}],"wp:featuredmedia":[{"embeddable":true,"href":"https:\/\/joyfun.shop\/de\/wp-json\/wp\/v2\/media\/224"}],"wp:attachment":[{"href":"https:\/\/joyfun.shop\/de\/wp-json\/wp\/v2\/media?parent=222"}],"wp:term":[{"taxonomy":"product_cat","embeddable":true,"href":"https:\/\/joyfun.shop\/de\/wp-json\/wp\/v2\/product_cat?post=222"},{"taxonomy":"product_tag","embeddable":true,"href":"https:\/\/joyfun.shop\/de\/wp-json\/wp\/v2\/product_tag?post=222"}],"curies":[{"name":"wp","href":"https:\/\/api.w.org\/{rel}","templated":true}]}}