{"id":228,"date":"2023-06-25T12:01:43","date_gmt":"2023-06-25T04:01:43","guid":{"rendered":"https:\/\/joyfun.shop\/?post_type=product&#038;p=228"},"modified":"2024-05-12T17:14:35","modified_gmt":"2024-05-12T09:14:35","slug":"silicone-mould","status":"publish","type":"product","link":"https:\/\/joyfun.shop\/de\/dp\/silicone-mould\/","title":{"rendered":"Silikonform Silikonformen Silikonform Boot Silikon Formen Silikon Vase Formen Handwerk DIY Vasen Harz Formen"},"content":{"rendered":"<p>Spezifikation<\/p>\n<p>Name: Silikonform f\u00fcr Kerzenst\u00e4nder<\/p>\n<p>Material: Silikon<\/p>\n<p>Farbe: Wei\u00df<\/p>","protected":false},"excerpt":{"rendered":"<p>Spezifikation Name: Silikonform f\u00fcr Kerzenst\u00e4nder Material: Silikon Farbe: Wei\u00df<\/p>","protected":false},"featured_media":231,"comment_status":"open","ping_status":"closed","template":"","meta":[],"product_cat":[27,42],"product_tag":[],"class_list":{"0":"post-228","1":"product","2":"type-product","3":"status-publish","4":"has-post-thumbnail","6":"product_cat-diy-tools","7":"product_cat-home-kitchen","9":"first","10":"instock","11":"shipping-taxable","12":"purchasable","13":"product-type-simple"},"jetpack_sharing_enabled":true,"_links":{"self":[{"href":"https:\/\/joyfun.shop\/de\/wp-json\/wp\/v2\/product\/228"}],"collection":[{"href":"https:\/\/joyfun.shop\/de\/wp-json\/wp\/v2\/product"}],"about":[{"href":"https:\/\/joyfun.shop\/de\/wp-json\/wp\/v2\/types\/product"}],"replies":[{"embeddable":true,"href":"https:\/\/joyfun.shop\/de\/wp-json\/wp\/v2\/comments?post=228"}],"wp:featuredmedia":[{"embeddable":true,"href":"https:\/\/joyfun.shop\/de\/wp-json\/wp\/v2\/media\/231"}],"wp:attachment":[{"href":"https:\/\/joyfun.shop\/de\/wp-json\/wp\/v2\/media?parent=228"}],"wp:term":[{"taxonomy":"product_cat","embeddable":true,"href":"https:\/\/joyfun.shop\/de\/wp-json\/wp\/v2\/product_cat?post=228"},{"taxonomy":"product_tag","embeddable":true,"href":"https:\/\/joyfun.shop\/de\/wp-json\/wp\/v2\/product_tag?post=228"}],"curies":[{"name":"wp","href":"https:\/\/api.w.org\/{rel}","templated":true}]}}