{"id":296,"date":"2024-01-30T16:44:40","date_gmt":"2024-01-30T08:44:40","guid":{"rendered":"https:\/\/joyfun.shop\/?post_type=product&#038;p=296"},"modified":"2024-01-30T16:45:54","modified_gmt":"2024-01-30T08:45:54","slug":"wooden-blocks-stars-moon-toys","status":"publish","type":"product","link":"https:\/\/joyfun.shop\/de\/dp\/wooden-blocks-stars-moon-toys\/","title":{"rendered":"Holzkl\u00f6tze Sterne Mond Gestapelte Kl\u00f6tze Holzspielzeug Lernspielzeug f\u00fcr Kinder DIY Baby Gleichgewichtstraining Konstruktor"},"content":{"rendered":"<p>Material\u00a0 Wood<br \/>\nAge Range<br \/>\n5 to 7 years, 8 to 13 Years, 14 Years &amp; up<\/p>","protected":false},"excerpt":{"rendered":"<p>Material\u00a0 Wood Age Range 5 to 7 years, 8 to 13 Years, 14 Years &amp; up<\/p>","protected":false},"featured_media":299,"comment_status":"open","ping_status":"closed","template":"","meta":[],"product_cat":[28],"product_tag":[],"class_list":{"0":"post-296","1":"product","2":"type-product","3":"status-publish","4":"has-post-thumbnail","6":"product_cat-toys-children-baby","8":"first","9":"instock","10":"shipping-taxable","11":"purchasable","12":"product-type-simple"},"jetpack_sharing_enabled":true,"_links":{"self":[{"href":"https:\/\/joyfun.shop\/de\/wp-json\/wp\/v2\/product\/296"}],"collection":[{"href":"https:\/\/joyfun.shop\/de\/wp-json\/wp\/v2\/product"}],"about":[{"href":"https:\/\/joyfun.shop\/de\/wp-json\/wp\/v2\/types\/product"}],"replies":[{"embeddable":true,"href":"https:\/\/joyfun.shop\/de\/wp-json\/wp\/v2\/comments?post=296"}],"wp:featuredmedia":[{"embeddable":true,"href":"https:\/\/joyfun.shop\/de\/wp-json\/wp\/v2\/media\/299"}],"wp:attachment":[{"href":"https:\/\/joyfun.shop\/de\/wp-json\/wp\/v2\/media?parent=296"}],"wp:term":[{"taxonomy":"product_cat","embeddable":true,"href":"https:\/\/joyfun.shop\/de\/wp-json\/wp\/v2\/product_cat?post=296"},{"taxonomy":"product_tag","embeddable":true,"href":"https:\/\/joyfun.shop\/de\/wp-json\/wp\/v2\/product_tag?post=296"}],"curies":[{"name":"wp","href":"https:\/\/api.w.org\/{rel}","templated":true}]}}