{"id":360,"date":"2024-02-23T09:13:27","date_gmt":"2024-02-23T01:13:27","guid":{"rendered":"https:\/\/joyfun.shop\/?post_type=product&#038;p=360"},"modified":"2024-02-23T09:13:27","modified_gmt":"2024-02-23T01:13:27","slug":"baby-football","status":"publish","type":"product","link":"https:\/\/joyfun.shop\/de\/dp\/baby-football\/","title":{"rendered":"Fu\u00dfball, Fu\u00dfball Geschenk, Teenager Geschenke Junge, Baby Fu\u00dfball, Ball personalisiert, Football personalisiert"},"content":{"rendered":"<p>Materials: Kunstleder, Echtleder<\/p>","protected":false},"excerpt":{"rendered":"<p>Materials: Kunstleder, Echtleder<\/p>","protected":false},"featured_media":361,"comment_status":"open","ping_status":"closed","template":"","meta":[],"product_cat":[28],"product_tag":[],"class_list":{"0":"post-360","1":"product","2":"type-product","3":"status-publish","4":"has-post-thumbnail","6":"product_cat-toys-children-baby","8":"first","9":"instock","10":"shipping-taxable","11":"purchasable","12":"product-type-simple"},"jetpack_sharing_enabled":true,"_links":{"self":[{"href":"https:\/\/joyfun.shop\/de\/wp-json\/wp\/v2\/product\/360"}],"collection":[{"href":"https:\/\/joyfun.shop\/de\/wp-json\/wp\/v2\/product"}],"about":[{"href":"https:\/\/joyfun.shop\/de\/wp-json\/wp\/v2\/types\/product"}],"replies":[{"embeddable":true,"href":"https:\/\/joyfun.shop\/de\/wp-json\/wp\/v2\/comments?post=360"}],"wp:featuredmedia":[{"embeddable":true,"href":"https:\/\/joyfun.shop\/de\/wp-json\/wp\/v2\/media\/361"}],"wp:attachment":[{"href":"https:\/\/joyfun.shop\/de\/wp-json\/wp\/v2\/media?parent=360"}],"wp:term":[{"taxonomy":"product_cat","embeddable":true,"href":"https:\/\/joyfun.shop\/de\/wp-json\/wp\/v2\/product_cat?post=360"},{"taxonomy":"product_tag","embeddable":true,"href":"https:\/\/joyfun.shop\/de\/wp-json\/wp\/v2\/product_tag?post=360"}],"curies":[{"name":"wp","href":"https:\/\/api.w.org\/{rel}","templated":true}]}}