{"id":373,"date":"2024-02-23T09:33:59","date_gmt":"2024-02-23T01:33:59","guid":{"rendered":"https:\/\/joyfun.shop\/?post_type=product&#038;p=373"},"modified":"2024-04-24T14:48:10","modified_gmt":"2024-04-24T06:48:10","slug":"childrens-ring-toy","status":"publish","type":"product","link":"https:\/\/joyfun.shop\/de\/dp\/childrens-ring-toy\/","title":{"rendered":"Kinderring Spielzeug Massivholzring Kinder Bei\u00dfring Buchenholzring in verschiedenen Gr\u00f6\u00dfen"},"content":{"rendered":"<p>Material<br \/>\nBeech<\/p>","protected":false},"excerpt":{"rendered":"<p>Material Beech<\/p>","protected":false},"featured_media":375,"comment_status":"open","ping_status":"closed","template":"","meta":[],"product_cat":[28],"product_tag":[],"class_list":{"0":"post-373","1":"product","2":"type-product","3":"status-publish","4":"has-post-thumbnail","6":"product_cat-toys-children-baby","8":"first","9":"instock","10":"shipping-taxable","11":"purchasable","12":"product-type-simple"},"jetpack_sharing_enabled":true,"_links":{"self":[{"href":"https:\/\/joyfun.shop\/de\/wp-json\/wp\/v2\/product\/373"}],"collection":[{"href":"https:\/\/joyfun.shop\/de\/wp-json\/wp\/v2\/product"}],"about":[{"href":"https:\/\/joyfun.shop\/de\/wp-json\/wp\/v2\/types\/product"}],"replies":[{"embeddable":true,"href":"https:\/\/joyfun.shop\/de\/wp-json\/wp\/v2\/comments?post=373"}],"wp:featuredmedia":[{"embeddable":true,"href":"https:\/\/joyfun.shop\/de\/wp-json\/wp\/v2\/media\/375"}],"wp:attachment":[{"href":"https:\/\/joyfun.shop\/de\/wp-json\/wp\/v2\/media?parent=373"}],"wp:term":[{"taxonomy":"product_cat","embeddable":true,"href":"https:\/\/joyfun.shop\/de\/wp-json\/wp\/v2\/product_cat?post=373"},{"taxonomy":"product_tag","embeddable":true,"href":"https:\/\/joyfun.shop\/de\/wp-json\/wp\/v2\/product_tag?post=373"}],"curies":[{"name":"wp","href":"https:\/\/api.w.org\/{rel}","templated":true}]}}