{"id":421,"date":"2024-03-31T21:43:59","date_gmt":"2024-03-31T13:43:59","guid":{"rendered":"https:\/\/joyfun.shop\/?post_type=product&#038;p=421"},"modified":"2024-04-24T14:48:18","modified_gmt":"2024-04-24T06:48:18","slug":"small-wooden","status":"publish","type":"product","link":"https:\/\/joyfun.shop\/de\/dp\/small-wooden\/","title":{"rendered":"Kleiner Holzl\u00f6ffel, unbemalter L\u00f6ffel aus Lotusholz mit eingraviertem Logo, Mini-Holzl\u00f6ffel f\u00fcr Honigmarmelade, Tafelgeschirr, Eventgeschenk"},"content":{"rendered":"","protected":false},"excerpt":{"rendered":"","protected":false},"featured_media":422,"comment_status":"open","ping_status":"closed","template":"","meta":[],"product_cat":[28],"product_tag":[],"class_list":{"0":"post-421","1":"product","2":"type-product","3":"status-publish","4":"has-post-thumbnail","6":"product_cat-toys-children-baby","8":"first","9":"instock","10":"shipping-taxable","11":"purchasable","12":"product-type-simple"},"jetpack_sharing_enabled":true,"_links":{"self":[{"href":"https:\/\/joyfun.shop\/de\/wp-json\/wp\/v2\/product\/421"}],"collection":[{"href":"https:\/\/joyfun.shop\/de\/wp-json\/wp\/v2\/product"}],"about":[{"href":"https:\/\/joyfun.shop\/de\/wp-json\/wp\/v2\/types\/product"}],"replies":[{"embeddable":true,"href":"https:\/\/joyfun.shop\/de\/wp-json\/wp\/v2\/comments?post=421"}],"wp:featuredmedia":[{"embeddable":true,"href":"https:\/\/joyfun.shop\/de\/wp-json\/wp\/v2\/media\/422"}],"wp:attachment":[{"href":"https:\/\/joyfun.shop\/de\/wp-json\/wp\/v2\/media?parent=421"}],"wp:term":[{"taxonomy":"product_cat","embeddable":true,"href":"https:\/\/joyfun.shop\/de\/wp-json\/wp\/v2\/product_cat?post=421"},{"taxonomy":"product_tag","embeddable":true,"href":"https:\/\/joyfun.shop\/de\/wp-json\/wp\/v2\/product_tag?post=421"}],"curies":[{"name":"wp","href":"https:\/\/api.w.org\/{rel}","templated":true}]}}