{"id":426,"date":"2024-04-01T12:50:07","date_gmt":"2024-04-01T04:50:07","guid":{"rendered":"https:\/\/joyfun.shop\/?post_type=product&#038;p=426"},"modified":"2024-05-12T17:45:46","modified_gmt":"2024-05-12T09:45:46","slug":"outdoor-stainless-steel-cup","status":"publish","type":"product","link":"https:\/\/joyfun.shop\/de\/dp\/outdoor-stainless-steel-cup\/","title":{"rendered":"Kleines Weinglas aus Edelstahl f\u00fcr den Au\u00dfenbereich, Wasserglas aus Edelstahl, leicht zu transportieren auf Reisen, grenz\u00fcberschreitendes Gro\u00dfhandelsweinglas"},"content":{"rendered":"","protected":false},"excerpt":{"rendered":"","protected":false},"featured_media":429,"comment_status":"open","ping_status":"closed","template":"","meta":[],"product_cat":[45,42],"product_tag":[],"class_list":{"0":"post-426","1":"product","2":"type-product","3":"status-publish","4":"has-post-thumbnail","6":"product_cat-camping-hiking","7":"product_cat-home-kitchen","9":"first","10":"instock","11":"shipping-taxable","12":"purchasable","13":"product-type-simple"},"jetpack_sharing_enabled":true,"_links":{"self":[{"href":"https:\/\/joyfun.shop\/de\/wp-json\/wp\/v2\/product\/426"}],"collection":[{"href":"https:\/\/joyfun.shop\/de\/wp-json\/wp\/v2\/product"}],"about":[{"href":"https:\/\/joyfun.shop\/de\/wp-json\/wp\/v2\/types\/product"}],"replies":[{"embeddable":true,"href":"https:\/\/joyfun.shop\/de\/wp-json\/wp\/v2\/comments?post=426"}],"wp:featuredmedia":[{"embeddable":true,"href":"https:\/\/joyfun.shop\/de\/wp-json\/wp\/v2\/media\/429"}],"wp:attachment":[{"href":"https:\/\/joyfun.shop\/de\/wp-json\/wp\/v2\/media?parent=426"}],"wp:term":[{"taxonomy":"product_cat","embeddable":true,"href":"https:\/\/joyfun.shop\/de\/wp-json\/wp\/v2\/product_cat?post=426"},{"taxonomy":"product_tag","embeddable":true,"href":"https:\/\/joyfun.shop\/de\/wp-json\/wp\/v2\/product_tag?post=426"}],"curies":[{"name":"wp","href":"https:\/\/api.w.org\/{rel}","templated":true}]}}