{"id":457,"date":"2024-04-23T17:41:15","date_gmt":"2024-04-23T09:41:15","guid":{"rendered":"https:\/\/joyfun.shop\/?post_type=product&#038;p=457"},"modified":"2024-05-11T15:22:45","modified_gmt":"2024-05-11T07:22:45","slug":"kunststoffaufhanger","status":"publish","type":"product","link":"https:\/\/joyfun.shop\/de\/dp\/kunststoffaufhanger\/","title":{"rendered":"Schrankhalter aus Kunststoff, Rund Typ Schl\u00fcsselloch Regalhalterungen Aufh\u00e4nger, Schl\u00fcsselloch-Aufh\u00e4nger Befestigungen, Schl\u00fcsselloch-Aufh\u00e4nger"},"content":{"rendered":"<p>Durchmesser: 20 mm<br \/>\nTiefe: 7 mm<\/p>\n<p>VE: 100 St\u00fcck<\/p>","protected":false},"excerpt":{"rendered":"<p>Durchmesser: 20 mm Tiefe: 7 mm VE: 100 St\u00fcck<\/p>","protected":false},"featured_media":459,"comment_status":"open","ping_status":"closed","template":"","meta":[],"product_cat":[27],"product_tag":[],"class_list":{"0":"post-457","1":"product","2":"type-product","3":"status-publish","4":"has-post-thumbnail","6":"product_cat-diy-tools","8":"first","9":"instock","10":"shipping-taxable","11":"purchasable","12":"product-type-simple"},"jetpack_sharing_enabled":true,"_links":{"self":[{"href":"https:\/\/joyfun.shop\/de\/wp-json\/wp\/v2\/product\/457"}],"collection":[{"href":"https:\/\/joyfun.shop\/de\/wp-json\/wp\/v2\/product"}],"about":[{"href":"https:\/\/joyfun.shop\/de\/wp-json\/wp\/v2\/types\/product"}],"replies":[{"embeddable":true,"href":"https:\/\/joyfun.shop\/de\/wp-json\/wp\/v2\/comments?post=457"}],"wp:featuredmedia":[{"embeddable":true,"href":"https:\/\/joyfun.shop\/de\/wp-json\/wp\/v2\/media\/459"}],"wp:attachment":[{"href":"https:\/\/joyfun.shop\/de\/wp-json\/wp\/v2\/media?parent=457"}],"wp:term":[{"taxonomy":"product_cat","embeddable":true,"href":"https:\/\/joyfun.shop\/de\/wp-json\/wp\/v2\/product_cat?post=457"},{"taxonomy":"product_tag","embeddable":true,"href":"https:\/\/joyfun.shop\/de\/wp-json\/wp\/v2\/product_tag?post=457"}],"curies":[{"name":"wp","href":"https:\/\/api.w.org\/{rel}","templated":true}]}}