{"id":465,"date":"2024-04-23T18:00:17","date_gmt":"2024-04-23T10:00:17","guid":{"rendered":"https:\/\/joyfun.shop\/?post_type=product&#038;p=465"},"modified":"2024-05-12T17:45:39","modified_gmt":"2024-05-12T09:45:39","slug":"bbq-meat-claw","status":"publish","type":"product","link":"https:\/\/joyfun.shop\/de\/dp\/bbq-meat-claw\/","title":{"rendered":"Fleischteiler BBQ Grillwerkzeug B\u00e4renklaue Fleischteiler Fleischrei\u00dfer B\u00e4renklaue Gabel Multifunktionale Fleischteilerklaue"},"content":{"rendered":"","protected":false},"excerpt":{"rendered":"","protected":false},"featured_media":468,"comment_status":"open","ping_status":"closed","template":"","meta":[],"product_cat":[45,42],"product_tag":[],"class_list":{"0":"post-465","1":"product","2":"type-product","3":"status-publish","4":"has-post-thumbnail","6":"product_cat-camping-hiking","7":"product_cat-home-kitchen","9":"first","10":"instock","11":"shipping-taxable","12":"purchasable","13":"product-type-simple"},"jetpack_sharing_enabled":true,"_links":{"self":[{"href":"https:\/\/joyfun.shop\/de\/wp-json\/wp\/v2\/product\/465"}],"collection":[{"href":"https:\/\/joyfun.shop\/de\/wp-json\/wp\/v2\/product"}],"about":[{"href":"https:\/\/joyfun.shop\/de\/wp-json\/wp\/v2\/types\/product"}],"replies":[{"embeddable":true,"href":"https:\/\/joyfun.shop\/de\/wp-json\/wp\/v2\/comments?post=465"}],"wp:featuredmedia":[{"embeddable":true,"href":"https:\/\/joyfun.shop\/de\/wp-json\/wp\/v2\/media\/468"}],"wp:attachment":[{"href":"https:\/\/joyfun.shop\/de\/wp-json\/wp\/v2\/media?parent=465"}],"wp:term":[{"taxonomy":"product_cat","embeddable":true,"href":"https:\/\/joyfun.shop\/de\/wp-json\/wp\/v2\/product_cat?post=465"},{"taxonomy":"product_tag","embeddable":true,"href":"https:\/\/joyfun.shop\/de\/wp-json\/wp\/v2\/product_tag?post=465"}],"curies":[{"name":"wp","href":"https:\/\/api.w.org\/{rel}","templated":true}]}}