{"id":525,"date":"2024-05-11T11:26:17","date_gmt":"2024-05-11T03:26:17","guid":{"rendered":"https:\/\/joyfun.shop\/?post_type=product&#038;p=525"},"modified":"2024-05-25T08:54:02","modified_gmt":"2024-05-25T00:54:02","slug":"clock-accessories-movement-sweepment","status":"publish","type":"product","link":"https:\/\/joyfun.shop\/de\/dp\/clock-accessories-movement-sweepment\/","title":{"rendered":"Langer Schaft Quarzuhrwerk Wanduhr Uhrwerk f\u00fcr DIY Wanduhr Uhrenzubeh\u00f6r scannen Uhrwerk Metallzeiger grenz\u00fcberschreitender Gro\u00dfhandel f\u00fcr stilles Quarzuhrwerk Langschaft-Quarzwerk Wanduhrwerk f\u00fcr DIY-Wanduhr"},"content":{"rendered":"","protected":false},"excerpt":{"rendered":"","protected":false},"featured_media":531,"comment_status":"open","ping_status":"closed","template":"","meta":[],"product_cat":[42],"product_tag":[],"class_list":{"0":"post-525","1":"product","2":"type-product","3":"status-publish","4":"has-post-thumbnail","6":"product_cat-home-kitchen","8":"first","9":"instock","10":"shipping-taxable","11":"purchasable","12":"product-type-simple"},"jetpack_sharing_enabled":true,"_links":{"self":[{"href":"https:\/\/joyfun.shop\/de\/wp-json\/wp\/v2\/product\/525"}],"collection":[{"href":"https:\/\/joyfun.shop\/de\/wp-json\/wp\/v2\/product"}],"about":[{"href":"https:\/\/joyfun.shop\/de\/wp-json\/wp\/v2\/types\/product"}],"replies":[{"embeddable":true,"href":"https:\/\/joyfun.shop\/de\/wp-json\/wp\/v2\/comments?post=525"}],"wp:featuredmedia":[{"embeddable":true,"href":"https:\/\/joyfun.shop\/de\/wp-json\/wp\/v2\/media\/531"}],"wp:attachment":[{"href":"https:\/\/joyfun.shop\/de\/wp-json\/wp\/v2\/media?parent=525"}],"wp:term":[{"taxonomy":"product_cat","embeddable":true,"href":"https:\/\/joyfun.shop\/de\/wp-json\/wp\/v2\/product_cat?post=525"},{"taxonomy":"product_tag","embeddable":true,"href":"https:\/\/joyfun.shop\/de\/wp-json\/wp\/v2\/product_tag?post=525"}],"curies":[{"name":"wp","href":"https:\/\/api.w.org\/{rel}","templated":true}]}}