{"id":526,"date":"2024-05-11T11:20:32","date_gmt":"2024-05-11T03:20:32","guid":{"rendered":"https:\/\/joyfun.shop\/?post_type=product&#038;p=526"},"modified":"2024-05-11T11:21:17","modified_gmt":"2024-05-11T03:21:17","slug":"montessori-toys-stacking-tower","status":"publish","type":"product","link":"https:\/\/joyfun.shop\/de\/dp\/montessori-toys-stacking-tower\/","title":{"rendered":"Montessori Spielzeug f\u00fcr Kinder ab 1-3 Jahr: Holzspielzeug f\u00fcr 1 2 3 Jahre Jungen M\u00e4dchen Stapelturm Sortierspiel kinderspielzeug ab 12 24 36 Monate Baby Geschenk -Aktivit\u00e4ts &amp; Entwicklungsspielzeug"},"content":{"rendered":"","protected":false},"excerpt":{"rendered":"","protected":false},"featured_media":528,"comment_status":"open","ping_status":"closed","template":"","meta":[],"product_cat":[28],"product_tag":[],"class_list":{"0":"post-526","1":"product","2":"type-product","3":"status-publish","4":"has-post-thumbnail","6":"product_cat-toys-children-baby","8":"first","9":"instock","10":"shipping-taxable","11":"purchasable","12":"product-type-simple"},"jetpack_sharing_enabled":true,"_links":{"self":[{"href":"https:\/\/joyfun.shop\/de\/wp-json\/wp\/v2\/product\/526"}],"collection":[{"href":"https:\/\/joyfun.shop\/de\/wp-json\/wp\/v2\/product"}],"about":[{"href":"https:\/\/joyfun.shop\/de\/wp-json\/wp\/v2\/types\/product"}],"replies":[{"embeddable":true,"href":"https:\/\/joyfun.shop\/de\/wp-json\/wp\/v2\/comments?post=526"}],"wp:featuredmedia":[{"embeddable":true,"href":"https:\/\/joyfun.shop\/de\/wp-json\/wp\/v2\/media\/528"}],"wp:attachment":[{"href":"https:\/\/joyfun.shop\/de\/wp-json\/wp\/v2\/media?parent=526"}],"wp:term":[{"taxonomy":"product_cat","embeddable":true,"href":"https:\/\/joyfun.shop\/de\/wp-json\/wp\/v2\/product_cat?post=526"},{"taxonomy":"product_tag","embeddable":true,"href":"https:\/\/joyfun.shop\/de\/wp-json\/wp\/v2\/product_tag?post=526"}],"curies":[{"name":"wp","href":"https:\/\/api.w.org\/{rel}","templated":true}]}}