{"id":544,"date":"2024-05-11T11:54:02","date_gmt":"2024-05-11T03:54:02","guid":{"rendered":"https:\/\/joyfun.shop\/?post_type=product&#038;p=544"},"modified":"2024-05-11T15:08:23","modified_gmt":"2024-05-11T07:08:23","slug":"mens-wallet-fathers-day-gift","status":"publish","type":"product","link":"https:\/\/joyfun.shop\/de\/dp\/mens-wallet-fathers-day-gift\/","title":{"rendered":"Herren-Geldb\u00f6rse, Herren-Geldtasche, Echt Leder Herren-Geldb\u00f6rse, Vatertagsgeschenk, Papa-Geschenk, Leder-Geldb\u00f6rse"},"content":{"rendered":"<p>Handmade<br \/>\nMaterials: Genuine leather<\/p>","protected":false},"excerpt":{"rendered":"<p>Handmade Materials: Genuine leather<\/p>","protected":false},"featured_media":549,"comment_status":"open","ping_status":"closed","template":"","meta":[],"product_cat":[39],"product_tag":[],"class_list":{"0":"post-544","1":"product","2":"type-product","3":"status-publish","4":"has-post-thumbnail","6":"product_cat-fashion","8":"first","9":"instock","10":"shipping-taxable","11":"purchasable","12":"product-type-simple"},"jetpack_sharing_enabled":true,"_links":{"self":[{"href":"https:\/\/joyfun.shop\/de\/wp-json\/wp\/v2\/product\/544"}],"collection":[{"href":"https:\/\/joyfun.shop\/de\/wp-json\/wp\/v2\/product"}],"about":[{"href":"https:\/\/joyfun.shop\/de\/wp-json\/wp\/v2\/types\/product"}],"replies":[{"embeddable":true,"href":"https:\/\/joyfun.shop\/de\/wp-json\/wp\/v2\/comments?post=544"}],"wp:featuredmedia":[{"embeddable":true,"href":"https:\/\/joyfun.shop\/de\/wp-json\/wp\/v2\/media\/549"}],"wp:attachment":[{"href":"https:\/\/joyfun.shop\/de\/wp-json\/wp\/v2\/media?parent=544"}],"wp:term":[{"taxonomy":"product_cat","embeddable":true,"href":"https:\/\/joyfun.shop\/de\/wp-json\/wp\/v2\/product_cat?post=544"},{"taxonomy":"product_tag","embeddable":true,"href":"https:\/\/joyfun.shop\/de\/wp-json\/wp\/v2\/product_tag?post=544"}],"curies":[{"name":"wp","href":"https:\/\/api.w.org\/{rel}","templated":true}]}}