{"id":56,"date":"2022-12-21T16:16:04","date_gmt":"2022-12-21T08:16:04","guid":{"rendered":"https:\/\/joyfun.shop\/?post_type=product&#038;p=56"},"modified":"2024-05-12T17:47:46","modified_gmt":"2024-05-12T09:47:46","slug":"wasserwaage","status":"publish","type":"product","link":"https:\/\/joyfun.shop\/de\/dp\/wasserwaage\/","title":{"rendered":"Geschenke f\u00fcr M\u00e4nner, Papa Geschenk, Holz-Wasserwaage, M\u00e4nner Geschenk, Geburtstagsgeschenk M\u00e4nner, Geschenk Mann"},"content":{"rendered":"<p>Geschenke f\u00fcr M\u00e4nner, Papa Geschenk, Holz-Wasserwaage, M\u00e4nner Geschenk, Geburtstagsgeschenk M\u00e4nner, Geschenk Mann<\/p>","protected":false},"excerpt":{"rendered":"<p>Geschenke f\u00fcr M\u00e4nner, Papa Geschenk, Holz-Wasserwaage, M\u00e4nner Geschenk, Geburtstagsgeschenk M\u00e4nner, Geschenk Mann<\/p>","protected":false},"featured_media":57,"comment_status":"open","ping_status":"closed","template":"","meta":[],"product_cat":[27,34,53],"product_tag":[],"class_list":{"0":"post-56","1":"product","2":"type-product","3":"status-publish","4":"has-post-thumbnail","6":"product_cat-diy-tools","7":"product_cat-home-garden","8":"product_cat-home-accessories","10":"first","11":"instock","12":"shipping-taxable","13":"purchasable","14":"product-type-simple"},"jetpack_sharing_enabled":true,"_links":{"self":[{"href":"https:\/\/joyfun.shop\/de\/wp-json\/wp\/v2\/product\/56"}],"collection":[{"href":"https:\/\/joyfun.shop\/de\/wp-json\/wp\/v2\/product"}],"about":[{"href":"https:\/\/joyfun.shop\/de\/wp-json\/wp\/v2\/types\/product"}],"replies":[{"embeddable":true,"href":"https:\/\/joyfun.shop\/de\/wp-json\/wp\/v2\/comments?post=56"}],"wp:featuredmedia":[{"embeddable":true,"href":"https:\/\/joyfun.shop\/de\/wp-json\/wp\/v2\/media\/57"}],"wp:attachment":[{"href":"https:\/\/joyfun.shop\/de\/wp-json\/wp\/v2\/media?parent=56"}],"wp:term":[{"taxonomy":"product_cat","embeddable":true,"href":"https:\/\/joyfun.shop\/de\/wp-json\/wp\/v2\/product_cat?post=56"},{"taxonomy":"product_tag","embeddable":true,"href":"https:\/\/joyfun.shop\/de\/wp-json\/wp\/v2\/product_tag?post=56"}],"curies":[{"name":"wp","href":"https:\/\/api.w.org\/{rel}","templated":true}]}}