{"id":578,"date":"2024-06-25T15:52:42","date_gmt":"2024-06-25T07:52:42","guid":{"rendered":"https:\/\/joyfun.shop\/?post_type=product&#038;p=578"},"modified":"2024-06-25T15:52:42","modified_gmt":"2024-06-25T07:52:42","slug":"glass-storage-with-lids","status":"publish","type":"product","link":"https:\/\/joyfun.shop\/de\/dp\/glass-storage-with-lids\/","title":{"rendered":"Vorratsgl\u00e4ser mit Deckel, K\u00fcche Luftdicht Aufbewahrungsgl\u00e4ser Gew\u00fcrzgl\u00e4ser mit Bambusdeckel, aus Verst\u00e4rktem Borosilikatglas Glasbeh\u00e4lter"},"content":{"rendered":"","protected":false},"excerpt":{"rendered":"","protected":false},"featured_media":580,"comment_status":"open","ping_status":"closed","template":"","meta":[],"product_cat":[42],"product_tag":[],"class_list":{"0":"post-578","1":"product","2":"type-product","3":"status-publish","4":"has-post-thumbnail","6":"product_cat-home-kitchen","8":"first","9":"instock","10":"shipping-taxable","11":"purchasable","12":"product-type-simple"},"jetpack_sharing_enabled":true,"_links":{"self":[{"href":"https:\/\/joyfun.shop\/de\/wp-json\/wp\/v2\/product\/578"}],"collection":[{"href":"https:\/\/joyfun.shop\/de\/wp-json\/wp\/v2\/product"}],"about":[{"href":"https:\/\/joyfun.shop\/de\/wp-json\/wp\/v2\/types\/product"}],"replies":[{"embeddable":true,"href":"https:\/\/joyfun.shop\/de\/wp-json\/wp\/v2\/comments?post=578"}],"wp:featuredmedia":[{"embeddable":true,"href":"https:\/\/joyfun.shop\/de\/wp-json\/wp\/v2\/media\/580"}],"wp:attachment":[{"href":"https:\/\/joyfun.shop\/de\/wp-json\/wp\/v2\/media?parent=578"}],"wp:term":[{"taxonomy":"product_cat","embeddable":true,"href":"https:\/\/joyfun.shop\/de\/wp-json\/wp\/v2\/product_cat?post=578"},{"taxonomy":"product_tag","embeddable":true,"href":"https:\/\/joyfun.shop\/de\/wp-json\/wp\/v2\/product_tag?post=578"}],"curies":[{"name":"wp","href":"https:\/\/api.w.org\/{rel}","templated":true}]}}