{"id":582,"date":"2024-06-30T20:48:23","date_gmt":"2024-06-30T12:48:23","guid":{"rendered":"https:\/\/joyfun.shop\/?post_type=product&#038;p=582"},"modified":"2024-06-30T22:41:40","modified_gmt":"2024-06-30T14:41:40","slug":"wood-bottle-openers","status":"publish","type":"product","link":"https:\/\/joyfun.shop\/de\/dp\/wood-bottle-openers\/","title":{"rendered":"Flaschen\u00f6ffner aus Holz, tragbare Bierflaschen\u00f6ffner f\u00fcr Getr\u00e4nke, Apfelwein, Bar, Heim-Gadgets"},"content":{"rendered":"","protected":false},"excerpt":{"rendered":"","protected":false},"featured_media":584,"comment_status":"open","ping_status":"closed","template":"","meta":[],"product_cat":[42],"product_tag":[],"class_list":{"0":"post-582","1":"product","2":"type-product","3":"status-publish","4":"has-post-thumbnail","6":"product_cat-home-kitchen","8":"first","9":"instock","10":"shipping-taxable","11":"purchasable","12":"product-type-simple"},"jetpack_sharing_enabled":true,"_links":{"self":[{"href":"https:\/\/joyfun.shop\/de\/wp-json\/wp\/v2\/product\/582"}],"collection":[{"href":"https:\/\/joyfun.shop\/de\/wp-json\/wp\/v2\/product"}],"about":[{"href":"https:\/\/joyfun.shop\/de\/wp-json\/wp\/v2\/types\/product"}],"replies":[{"embeddable":true,"href":"https:\/\/joyfun.shop\/de\/wp-json\/wp\/v2\/comments?post=582"}],"wp:featuredmedia":[{"embeddable":true,"href":"https:\/\/joyfun.shop\/de\/wp-json\/wp\/v2\/media\/584"}],"wp:attachment":[{"href":"https:\/\/joyfun.shop\/de\/wp-json\/wp\/v2\/media?parent=582"}],"wp:term":[{"taxonomy":"product_cat","embeddable":true,"href":"https:\/\/joyfun.shop\/de\/wp-json\/wp\/v2\/product_cat?post=582"},{"taxonomy":"product_tag","embeddable":true,"href":"https:\/\/joyfun.shop\/de\/wp-json\/wp\/v2\/product_tag?post=582"}],"curies":[{"name":"wp","href":"https:\/\/api.w.org\/{rel}","templated":true}]}}