{"id":600,"date":"2024-07-02T08:58:20","date_gmt":"2024-07-02T00:58:20","guid":{"rendered":"https:\/\/joyfun.shop\/?post_type=product&#038;p=600"},"modified":"2024-07-02T08:58:20","modified_gmt":"2024-07-02T00:58:20","slug":"hair-brush","status":"publish","type":"product","link":"https:\/\/joyfun.shop\/de\/dp\/hair-brush\/","title":{"rendered":"Haarb\u00fcrste Holz Antistatische Paddelb\u00fcrste Haarb\u00fcrste Herren Bambusgriff mit Abgerundeten Holzborsten Haarb\u00fcrste f\u00fcr Extensions f\u00fcr Frauen M\u00e4nner und Kinder Eduzieren Frizz Massage Kopfhaut"},"content":{"rendered":"","protected":false},"excerpt":{"rendered":"","protected":false},"featured_media":601,"comment_status":"open","ping_status":"closed","template":"","meta":[],"product_cat":[56],"product_tag":[],"class_list":{"0":"post-600","1":"product","2":"type-product","3":"status-publish","4":"has-post-thumbnail","6":"product_cat-hair-care","8":"first","9":"instock","10":"shipping-taxable","11":"purchasable","12":"product-type-simple"},"jetpack_sharing_enabled":true,"_links":{"self":[{"href":"https:\/\/joyfun.shop\/de\/wp-json\/wp\/v2\/product\/600"}],"collection":[{"href":"https:\/\/joyfun.shop\/de\/wp-json\/wp\/v2\/product"}],"about":[{"href":"https:\/\/joyfun.shop\/de\/wp-json\/wp\/v2\/types\/product"}],"replies":[{"embeddable":true,"href":"https:\/\/joyfun.shop\/de\/wp-json\/wp\/v2\/comments?post=600"}],"wp:featuredmedia":[{"embeddable":true,"href":"https:\/\/joyfun.shop\/de\/wp-json\/wp\/v2\/media\/601"}],"wp:attachment":[{"href":"https:\/\/joyfun.shop\/de\/wp-json\/wp\/v2\/media?parent=600"}],"wp:term":[{"taxonomy":"product_cat","embeddable":true,"href":"https:\/\/joyfun.shop\/de\/wp-json\/wp\/v2\/product_cat?post=600"},{"taxonomy":"product_tag","embeddable":true,"href":"https:\/\/joyfun.shop\/de\/wp-json\/wp\/v2\/product_tag?post=600"}],"curies":[{"name":"wp","href":"https:\/\/api.w.org\/{rel}","templated":true}]}}