{"id":617,"date":"2024-09-03T16:59:11","date_gmt":"2024-09-03T08:59:11","guid":{"rendered":"https:\/\/joyfun.shop\/?post_type=product&#038;p=617"},"modified":"2024-09-03T17:01:28","modified_gmt":"2024-09-03T09:01:28","slug":"welding-gloves","status":"publish","type":"product","link":"https:\/\/joyfun.shop\/de\/dp\/welding-gloves\/","title":{"rendered":"Schwei\u00dfhandschuhe, hitze- und verschlei\u00dffest, gef\u00fcttert, Leder, feuerfeste N\u00e4hte, f\u00fcr Schwei\u00dfer\/Kamine\/Grill\/Gartenarbeit"},"content":{"rendered":"","protected":false},"excerpt":{"rendered":"","protected":false},"featured_media":619,"comment_status":"open","ping_status":"closed","template":"","meta":[],"product_cat":[27],"product_tag":[],"class_list":{"0":"post-617","1":"product","2":"type-product","3":"status-publish","4":"has-post-thumbnail","6":"product_cat-diy-tools","8":"first","9":"instock","10":"shipping-taxable","11":"purchasable","12":"product-type-simple"},"jetpack_sharing_enabled":true,"_links":{"self":[{"href":"https:\/\/joyfun.shop\/de\/wp-json\/wp\/v2\/product\/617"}],"collection":[{"href":"https:\/\/joyfun.shop\/de\/wp-json\/wp\/v2\/product"}],"about":[{"href":"https:\/\/joyfun.shop\/de\/wp-json\/wp\/v2\/types\/product"}],"replies":[{"embeddable":true,"href":"https:\/\/joyfun.shop\/de\/wp-json\/wp\/v2\/comments?post=617"}],"wp:featuredmedia":[{"embeddable":true,"href":"https:\/\/joyfun.shop\/de\/wp-json\/wp\/v2\/media\/619"}],"wp:attachment":[{"href":"https:\/\/joyfun.shop\/de\/wp-json\/wp\/v2\/media?parent=617"}],"wp:term":[{"taxonomy":"product_cat","embeddable":true,"href":"https:\/\/joyfun.shop\/de\/wp-json\/wp\/v2\/product_cat?post=617"},{"taxonomy":"product_tag","embeddable":true,"href":"https:\/\/joyfun.shop\/de\/wp-json\/wp\/v2\/product_tag?post=617"}],"curies":[{"name":"wp","href":"https:\/\/api.w.org\/{rel}","templated":true}]}}