{"id":620,"date":"2024-09-03T17:43:33","date_gmt":"2024-09-03T09:43:33","guid":{"rendered":"https:\/\/joyfun.shop\/?post_type=product&#038;p=620"},"modified":"2024-09-03T17:44:39","modified_gmt":"2024-09-03T09:44:39","slug":"self-sealing-bags","status":"publish","type":"product","link":"https:\/\/joyfun.shop\/de\/dp\/self-sealing-bags\/","title":{"rendered":"OPP T\u00fctchen Selbstklebend Plastikt\u00fcten Beutel Weihnachten T\u00fcten klein Flachbeutel transparent f\u00fcr S\u00fcssigkeiten Kekse Geb\u00e4ck Schokolade Transparent"},"content":{"rendered":"","protected":false},"excerpt":{"rendered":"","protected":false},"featured_media":621,"comment_status":"open","ping_status":"closed","template":"","meta":[],"product_cat":[27,53],"product_tag":[],"class_list":{"0":"post-620","1":"product","2":"type-product","3":"status-publish","4":"has-post-thumbnail","6":"product_cat-diy-tools","7":"product_cat-home-accessories","9":"first","10":"instock","11":"shipping-taxable","12":"purchasable","13":"product-type-simple"},"jetpack_sharing_enabled":true,"_links":{"self":[{"href":"https:\/\/joyfun.shop\/de\/wp-json\/wp\/v2\/product\/620"}],"collection":[{"href":"https:\/\/joyfun.shop\/de\/wp-json\/wp\/v2\/product"}],"about":[{"href":"https:\/\/joyfun.shop\/de\/wp-json\/wp\/v2\/types\/product"}],"replies":[{"embeddable":true,"href":"https:\/\/joyfun.shop\/de\/wp-json\/wp\/v2\/comments?post=620"}],"wp:featuredmedia":[{"embeddable":true,"href":"https:\/\/joyfun.shop\/de\/wp-json\/wp\/v2\/media\/621"}],"wp:attachment":[{"href":"https:\/\/joyfun.shop\/de\/wp-json\/wp\/v2\/media?parent=620"}],"wp:term":[{"taxonomy":"product_cat","embeddable":true,"href":"https:\/\/joyfun.shop\/de\/wp-json\/wp\/v2\/product_cat?post=620"},{"taxonomy":"product_tag","embeddable":true,"href":"https:\/\/joyfun.shop\/de\/wp-json\/wp\/v2\/product_tag?post=620"}],"curies":[{"name":"wp","href":"https:\/\/api.w.org\/{rel}","templated":true}]}}