{"id":65,"date":"2022-12-21T16:29:22","date_gmt":"2022-12-21T08:29:22","guid":{"rendered":"https:\/\/joyfun.shop\/?post_type=product&#038;p=65"},"modified":"2024-05-25T08:54:02","modified_gmt":"2024-05-25T00:54:02","slug":"regenbogen-nachtlampe","status":"publish","type":"product","link":"https:\/\/joyfun.shop\/de\/dp\/regenbogen-nachtlampe\/","title":{"rendered":"Personalisierte Regenbogen Nachtlampe aus Acryl, Babygeschenk Geburt, Taufgeschenk, Kinderzimmer, Geburtstagsgeschenk, Nachttischlampe"},"content":{"rendered":"<p>S\u00fc\u00dfe personalisierte Regenbogen Acryllampe mit Name und Geburtsdatum<\/p>\n<p>Mit dieser s\u00fc\u00dfen personalisierten Acryllampe gl\u00e4nzt Du garantiert auf jeder Feierlichkeit.<br \/>\nEgal ob zur Geburt, zur Taufe oder f\u00fcr das eigene Kind, die Acryllampe ist ein ganz besonderes Geschenk, f\u00fcr einen ganz besonderen Menschen!<\/p>\n<p>Die s\u00fc\u00dfe Acryl LED-Lampe besteht aus 5mm hochwertigem Acryl-Glas. Gerade f\u00fcr die Verwendung im Kinderzimmer ist es wichtig, dass das Acrylglas eine hohe Bruchfestigkeit hat.<\/p>\n<p>Der Sockel besteht aus Echtholz (Buche). Die LED Lampe wird mit einem USB-Kabel geliefert. L\u00e4nge betr\u00e4gt ca. 150cm lang. Der USB-Kabel ist kompatibel mit allen herk\u00f6mmlichen Netzstecker.<br \/>\nDie Ma\u00dfe der Acryllampe betragen 14,5x15x6cm (B\/H\/T). Verwende bitte f\u00fcr die Reinigung vom Acrylglas ein weiches Tuch, um Kratzer zu vermeiden,<\/p>","protected":false},"excerpt":{"rendered":"<p>Personalisierte Regenbogen Nachtlampe aus Acryl, Babygeschenk Geburt, Taufgeschenk, Kinderzimmer, Geburtstagsgeschenk, Nachttischlampe<\/p>","protected":false},"featured_media":66,"comment_status":"open","ping_status":"closed","template":"","meta":[],"product_cat":[54,27,34,53,43],"product_tag":[],"class_list":{"0":"post-65","1":"product","2":"type-product","3":"status-publish","4":"has-post-thumbnail","6":"product_cat-baby-wishlist","7":"product_cat-diy-tools","8":"product_cat-home-garden","9":"product_cat-home-accessories","10":"product_cat-toys-games","12":"first","13":"instock","14":"shipping-taxable","15":"purchasable","16":"product-type-simple"},"jetpack_sharing_enabled":true,"_links":{"self":[{"href":"https:\/\/joyfun.shop\/de\/wp-json\/wp\/v2\/product\/65"}],"collection":[{"href":"https:\/\/joyfun.shop\/de\/wp-json\/wp\/v2\/product"}],"about":[{"href":"https:\/\/joyfun.shop\/de\/wp-json\/wp\/v2\/types\/product"}],"replies":[{"embeddable":true,"href":"https:\/\/joyfun.shop\/de\/wp-json\/wp\/v2\/comments?post=65"}],"wp:featuredmedia":[{"embeddable":true,"href":"https:\/\/joyfun.shop\/de\/wp-json\/wp\/v2\/media\/66"}],"wp:attachment":[{"href":"https:\/\/joyfun.shop\/de\/wp-json\/wp\/v2\/media?parent=65"}],"wp:term":[{"taxonomy":"product_cat","embeddable":true,"href":"https:\/\/joyfun.shop\/de\/wp-json\/wp\/v2\/product_cat?post=65"},{"taxonomy":"product_tag","embeddable":true,"href":"https:\/\/joyfun.shop\/de\/wp-json\/wp\/v2\/product_tag?post=65"}],"curies":[{"name":"wp","href":"https:\/\/api.w.org\/{rel}","templated":true}]}}