{"id":67,"date":"2022-12-21T16:32:07","date_gmt":"2022-12-21T08:32:07","guid":{"rendered":"https:\/\/joyfun.shop\/?post_type=product&#038;p=67"},"modified":"2024-05-12T17:25:52","modified_gmt":"2024-05-12T09:25:52","slug":"countdown","status":"publish","type":"product","link":"https:\/\/joyfun.shop\/de\/dp\/countdown\/","title":{"rendered":"Countdown f\u00fcr Kinder personalisiert"},"content":{"rendered":"<p>Beschreibung<br \/>\nWieviel mal schlafen bis ich Geburtstag habe? \u2026 bis Oma kommt? \u2026 bis Lenis Geburtstagsparty ist? \u2026bis ich Reiten gehen kann? \u2026 bis zu meinem ersten Schultag?<\/p>\n<p>Mit dieser Tafel kann dein Kind sich Tag f\u00fcr Tag dem lang ersehnten Ereignis n\u00e4hern und sich freuen. Der Stift inkl. Schwammkappe kann dazu bestellt werden. (optional) Die wei\u00dfen Felder sind aus Acryl und sind leicht mit einem Feuchtetuch abwischbar ( bitte darauf achten, dass man nicht damit \u00fcbers Holz wischt, damit keine Verf\u00e4rbungen entstehen) Nach dem Feuchtetuch bitte noch mal trocken wischen, danach wieder drauf schreiben. ( die Schlaufe f\u00fcr den Stift ist vorhanden)<\/p>\n<p>Mit einem \u201enon-permanent\u201c Stift kannst du die Tage und das Ereignis eintragen. An der Kappe ist ein kleiner Schwamm, somit kannst du das Geschriebene direkt wegwischen und neu beschriften.<\/p>\n<p>Das Holz ist ein Naturmaterial. Somit ist es nicht immer perfekt und weist unterschiedliche Oberfl\u00e4chen\/Strukturen auf. (kleine Maserungen, Unreinheiten, Asteinsch\u00fc\u00dfe) Diese Merkmale machen das Produkt einzigartig sch\u00f6n. Am Rand und an der Gravur k\u00f6nnen kleine Schmauchspuren entstehen. Alle genannten Faktoren stellen keinen Reklamationsgrund dar.<\/p>\n<p>Das Produkt ist handgemacht und ein Unikat, deswegen kann es kleinere Abweichungen bei Gestaltung oder Farbe geben.<\/p>\n<p>Die im Bild gezeigten Dekoartikel sind nicht mit im Preis enthalten.<\/p>\n<p>&nbsp;<\/p>\n<p>Der Stift kann unten an der Schlaufe befestigt werden.<\/p>","protected":false},"excerpt":{"rendered":"<p>Countdown f\u00fcr Kinder personalisiert<\/p>","protected":false},"featured_media":68,"comment_status":"open","ping_status":"closed","template":"","meta":[],"product_cat":[54,27,34,53,43],"product_tag":[],"class_list":{"0":"post-67","1":"product","2":"type-product","3":"status-publish","4":"has-post-thumbnail","6":"product_cat-baby-wishlist","7":"product_cat-diy-tools","8":"product_cat-home-garden","9":"product_cat-home-accessories","10":"product_cat-toys-games","12":"first","13":"instock","14":"shipping-taxable","15":"purchasable","16":"product-type-simple"},"jetpack_sharing_enabled":true,"_links":{"self":[{"href":"https:\/\/joyfun.shop\/de\/wp-json\/wp\/v2\/product\/67"}],"collection":[{"href":"https:\/\/joyfun.shop\/de\/wp-json\/wp\/v2\/product"}],"about":[{"href":"https:\/\/joyfun.shop\/de\/wp-json\/wp\/v2\/types\/product"}],"replies":[{"embeddable":true,"href":"https:\/\/joyfun.shop\/de\/wp-json\/wp\/v2\/comments?post=67"}],"wp:featuredmedia":[{"embeddable":true,"href":"https:\/\/joyfun.shop\/de\/wp-json\/wp\/v2\/media\/68"}],"wp:attachment":[{"href":"https:\/\/joyfun.shop\/de\/wp-json\/wp\/v2\/media?parent=67"}],"wp:term":[{"taxonomy":"product_cat","embeddable":true,"href":"https:\/\/joyfun.shop\/de\/wp-json\/wp\/v2\/product_cat?post=67"},{"taxonomy":"product_tag","embeddable":true,"href":"https:\/\/joyfun.shop\/de\/wp-json\/wp\/v2\/product_tag?post=67"}],"curies":[{"name":"wp","href":"https:\/\/api.w.org\/{rel}","templated":true}]}}