{"id":691,"date":"2025-07-17T10:42:11","date_gmt":"2025-07-17T02:42:11","guid":{"rendered":"https:\/\/joyfun.shop\/?post_type=product&#038;p=691"},"modified":"2025-07-17T10:48:58","modified_gmt":"2025-07-17T02:48:58","slug":"pencilcase","status":"publish","type":"product","link":"https:\/\/joyfun.shop\/de\/dp\/pencilcase\/","title":{"rendered":"Federm\u00e4ppchen Federtasche aus weichem Silikon f\u00fcr Stifte | Federmappe und Stiftehalter | M\u00e4ppchen Tiere, Schlamperm\u00e4ppchen"},"content":{"rendered":"<p>Adorable Design: Pen case with a cute animal inspired design.<br \/>\nDesigned for students, college students, and adults. It is also convenient for storing cosmetics and gadgets in addition to stationery.<br \/>\nStands on its own: Easily transforms into a pen stand by pressing down on the bottom. This case is made of the soft and smooth silicone. Easy to clean with water.<\/p>","protected":false},"excerpt":{"rendered":"<p>Adorable Design: Pen case with a cute animal inspired design. Designed for students, college students, and adults. It is also convenient for storing cosmetics and gadgets in addition to stationery. Stands on its own: Easily transforms into a pen stand by pressing down on the bottom. This case is made of the soft and smooth [&hellip;]<\/p>","protected":false},"featured_media":693,"comment_status":"open","ping_status":"closed","template":"","meta":[],"product_cat":[62],"product_tag":[],"class_list":{"0":"post-691","1":"product","2":"type-product","3":"status-publish","4":"has-post-thumbnail","6":"product_cat-office-supplies-office-products","8":"first","9":"instock","10":"shipping-taxable","11":"purchasable","12":"product-type-simple"},"jetpack_sharing_enabled":true,"_links":{"self":[{"href":"https:\/\/joyfun.shop\/de\/wp-json\/wp\/v2\/product\/691"}],"collection":[{"href":"https:\/\/joyfun.shop\/de\/wp-json\/wp\/v2\/product"}],"about":[{"href":"https:\/\/joyfun.shop\/de\/wp-json\/wp\/v2\/types\/product"}],"replies":[{"embeddable":true,"href":"https:\/\/joyfun.shop\/de\/wp-json\/wp\/v2\/comments?post=691"}],"wp:featuredmedia":[{"embeddable":true,"href":"https:\/\/joyfun.shop\/de\/wp-json\/wp\/v2\/media\/693"}],"wp:attachment":[{"href":"https:\/\/joyfun.shop\/de\/wp-json\/wp\/v2\/media?parent=691"}],"wp:term":[{"taxonomy":"product_cat","embeddable":true,"href":"https:\/\/joyfun.shop\/de\/wp-json\/wp\/v2\/product_cat?post=691"},{"taxonomy":"product_tag","embeddable":true,"href":"https:\/\/joyfun.shop\/de\/wp-json\/wp\/v2\/product_tag?post=691"}],"curies":[{"name":"wp","href":"https:\/\/api.w.org\/{rel}","templated":true}]}}