{"id":78,"date":"2022-12-21T16:42:16","date_gmt":"2022-12-21T08:42:16","guid":{"rendered":"https:\/\/joyfun.shop\/?post_type=product&#038;p=78"},"modified":"2024-05-12T17:24:02","modified_gmt":"2024-05-12T09:24:02","slug":"adventskalender","status":"publish","type":"product","link":"https:\/\/joyfun.shop\/de\/dp\/adventskalender\/","title":{"rendered":"Adventskalender zum bef\u00fcllen, Adventskalender personalisiert, Adventskalender Kinder, Personalisierter Adventskalender, Adventsanh\u00e4nger"},"content":{"rendered":"<p>Personalisierter Adventskalender \u2013 das perfekte nachhaltige Geschenk zu Weihnachten.Mit unserem Adventkalender aus Holz l\u00e4sst du Kinderaugen strahlen. Er verleiht deinem Zuhause in der Weihnachtszeit den letzten Feinschliff und passt perfekt zu jeder Advents Deko.Unser Adventskalender wird mit deinem Wunschnamen graviert und von einem s\u00fc\u00dfen Tiermotiv geschm\u00fcckt. Die Jutebeutel bieten Platz f\u00fcr sch\u00f6ne Adventsgeschenke f\u00fcr deine\/n Liebste\/n.Immer im Lieferumfang enthalten sind:- Namensschild (42x19cm, 4mm stark) inklusive Lederband, graviert mit \u201cAdventskalender von\u201d und Name (falls der Kalender von mehreren Kindern genutzt wird, k\u00f6nnen gern auch mehrere Namen graviert werden),- Zahlenanh\u00e4nger mit brauner Juteschnur ( Durchmesser 4cm, 3mm stark)Bei Optionswahl + zzgl. 24 S\u00e4ckchen erh\u00e4ltst du von uns zus\u00e4tzlich zu den Holzzahlen mit Juteschnur und dem Namensschild 24 naturfarbene Baumwolls\u00e4ckchen in der praktischen Gr\u00f6\u00dfe 11\u00d716 cm.PS: da wir wissen, dass die Adventskalender schon bald zum Einsatz kommen, schicken wir sie extra z\u00fcgig zu euch! ;-)Unser Adventskalender ist perfekt als:- personalisiertes Geschenk,- Adventskalender f\u00fcr Kinder,- Weihnachtsgeschenk,- Weihnachtsgeschenk f\u00fcr Kinder,- Baby Geschen.<\/p>","protected":false},"excerpt":{"rendered":"<p>Adventskalender zum bef\u00fcllen, Adventskalender personalisiert, Adventskalender Kinder, Personalisierter Adventskalender, Adventsanh\u00e4nger<\/p>","protected":false},"featured_media":79,"comment_status":"open","ping_status":"closed","template":"","meta":[],"product_cat":[27,34,53,43],"product_tag":[],"class_list":{"0":"post-78","1":"product","2":"type-product","3":"status-publish","4":"has-post-thumbnail","6":"product_cat-diy-tools","7":"product_cat-home-garden","8":"product_cat-home-accessories","9":"product_cat-toys-games","11":"first","12":"instock","13":"shipping-taxable","14":"purchasable","15":"product-type-simple"},"jetpack_sharing_enabled":true,"_links":{"self":[{"href":"https:\/\/joyfun.shop\/de\/wp-json\/wp\/v2\/product\/78"}],"collection":[{"href":"https:\/\/joyfun.shop\/de\/wp-json\/wp\/v2\/product"}],"about":[{"href":"https:\/\/joyfun.shop\/de\/wp-json\/wp\/v2\/types\/product"}],"replies":[{"embeddable":true,"href":"https:\/\/joyfun.shop\/de\/wp-json\/wp\/v2\/comments?post=78"}],"wp:featuredmedia":[{"embeddable":true,"href":"https:\/\/joyfun.shop\/de\/wp-json\/wp\/v2\/media\/79"}],"wp:attachment":[{"href":"https:\/\/joyfun.shop\/de\/wp-json\/wp\/v2\/media?parent=78"}],"wp:term":[{"taxonomy":"product_cat","embeddable":true,"href":"https:\/\/joyfun.shop\/de\/wp-json\/wp\/v2\/product_cat?post=78"},{"taxonomy":"product_tag","embeddable":true,"href":"https:\/\/joyfun.shop\/de\/wp-json\/wp\/v2\/product_tag?post=78"}],"curies":[{"name":"wp","href":"https:\/\/api.w.org\/{rel}","templated":true}]}}