{"id":80,"date":"2022-12-21T16:45:17","date_gmt":"2022-12-21T08:45:17","guid":{"rendered":"https:\/\/joyfun.shop\/?post_type=product&#038;p=80"},"modified":"2024-05-11T10:16:40","modified_gmt":"2024-05-11T02:16:40","slug":"rassel-baby","status":"publish","type":"product","link":"https:\/\/joyfun.shop\/de\/dp\/rassel-baby\/","title":{"rendered":"Babygeschenk Geburt, Geschenk Geburt, Rassel Baby, Neugeborenen Geschenk, Rassel personalisiert, Greifling personalisiert, Baby"},"content":{"rendered":"<p>Die Greifling Rassel f\u00f6rdert spielerisch die Sinneswahrnehmung durch sanftes Rasseln und trainiert die Motorik deines Babys.Der Greifling kommt ohne Plastikm\u00fcll bei dir an, da wir gro\u00dfen Wert auf Nachhaltigkeit legen.Der Baby Greifling ist leicht zu bei\u00dfen und zu greifen. Das hochwertig verarbeitete Holz und das Stofftier f\u00fchlt sich in den H\u00e4nden deines kleinen Babys besonders zart an. Die Stoffrassel l\u00e4sst sich auf den Holzring beliebig verschieben.Du kannst zwischen drei verschiedenen Ausf\u00fchrungen w\u00e4hlen: Elefant, Reh oder Hase.Durch die zarten Farben und das dezente Design verzaubert die Babyrassel M\u00e4dchen und Jungen gleicherma\u00dfen.Der Greifling ist dar\u00fcber hinaus in Deutschland hergestellt und frei von jeglichen Giftstoffen, da er einer unabh\u00e4ngigen Qualit\u00e4tskontrolle unterzogen worden ist.Diese Babyrassel ist das perfekte:- personalisierte Geschenk,- Baby Geschenk,- Holzspielzeug f\u00fcr Babys,- Geschenk zur Geburt,- sowie das ideale Erinnerungsst\u00fcck f\u00fcr Babys.<\/p>","protected":false},"excerpt":{"rendered":"<p>Babygeschenk Geburt, Geschenk Geburt, Rassel Baby, Neugeborenen Geschenk, Rassel personalisiert, Greifling personalisiert, Baby<\/p>","protected":false},"featured_media":81,"comment_status":"open","ping_status":"closed","template":"","meta":[],"product_cat":[28],"product_tag":[],"class_list":{"0":"post-80","1":"product","2":"type-product","3":"status-publish","4":"has-post-thumbnail","6":"product_cat-toys-children-baby","8":"first","9":"instock","10":"shipping-taxable","11":"purchasable","12":"product-type-simple"},"jetpack_sharing_enabled":true,"_links":{"self":[{"href":"https:\/\/joyfun.shop\/de\/wp-json\/wp\/v2\/product\/80"}],"collection":[{"href":"https:\/\/joyfun.shop\/de\/wp-json\/wp\/v2\/product"}],"about":[{"href":"https:\/\/joyfun.shop\/de\/wp-json\/wp\/v2\/types\/product"}],"replies":[{"embeddable":true,"href":"https:\/\/joyfun.shop\/de\/wp-json\/wp\/v2\/comments?post=80"}],"wp:featuredmedia":[{"embeddable":true,"href":"https:\/\/joyfun.shop\/de\/wp-json\/wp\/v2\/media\/81"}],"wp:attachment":[{"href":"https:\/\/joyfun.shop\/de\/wp-json\/wp\/v2\/media?parent=80"}],"wp:term":[{"taxonomy":"product_cat","embeddable":true,"href":"https:\/\/joyfun.shop\/de\/wp-json\/wp\/v2\/product_cat?post=80"},{"taxonomy":"product_tag","embeddable":true,"href":"https:\/\/joyfun.shop\/de\/wp-json\/wp\/v2\/product_tag?post=80"}],"curies":[{"name":"wp","href":"https:\/\/api.w.org\/{rel}","templated":true}]}}