{"id":91,"date":"2023-02-13T18:31:09","date_gmt":"2023-02-13T10:31:09","guid":{"rendered":"https:\/\/joyfun.shop\/?post_type=product&#038;p=91"},"modified":"2024-05-12T17:21:49","modified_gmt":"2024-05-12T09:21:49","slug":"sparschwein-schlos","status":"publish","type":"product","link":"https:\/\/joyfun.shop\/de\/dp\/sparschwein-schlos\/","title":{"rendered":"Spardosenschlo\u00df, Sparschwein-Schlo\u00df inkl. Schl\u00fcssel Metall Rand 42 mm \u00d8"},"content":{"rendered":"","protected":false},"excerpt":{"rendered":"","protected":false},"featured_media":92,"comment_status":"open","ping_status":"closed","template":"","meta":[],"product_cat":[27,42,53,43],"product_tag":[],"class_list":{"0":"post-91","1":"product","2":"type-product","3":"status-publish","4":"has-post-thumbnail","6":"product_cat-diy-tools","7":"product_cat-home-kitchen","8":"product_cat-home-accessories","9":"product_cat-toys-games","11":"first","12":"instock","13":"shipping-taxable","14":"purchasable","15":"product-type-simple"},"jetpack_sharing_enabled":true,"_links":{"self":[{"href":"https:\/\/joyfun.shop\/de\/wp-json\/wp\/v2\/product\/91"}],"collection":[{"href":"https:\/\/joyfun.shop\/de\/wp-json\/wp\/v2\/product"}],"about":[{"href":"https:\/\/joyfun.shop\/de\/wp-json\/wp\/v2\/types\/product"}],"replies":[{"embeddable":true,"href":"https:\/\/joyfun.shop\/de\/wp-json\/wp\/v2\/comments?post=91"}],"wp:featuredmedia":[{"embeddable":true,"href":"https:\/\/joyfun.shop\/de\/wp-json\/wp\/v2\/media\/92"}],"wp:attachment":[{"href":"https:\/\/joyfun.shop\/de\/wp-json\/wp\/v2\/media?parent=91"}],"wp:term":[{"taxonomy":"product_cat","embeddable":true,"href":"https:\/\/joyfun.shop\/de\/wp-json\/wp\/v2\/product_cat?post=91"},{"taxonomy":"product_tag","embeddable":true,"href":"https:\/\/joyfun.shop\/de\/wp-json\/wp\/v2\/product_tag?post=91"}],"curies":[{"name":"wp","href":"https:\/\/api.w.org\/{rel}","templated":true}]}}