{"id":934,"date":"2025-12-01T19:49:07","date_gmt":"2025-12-01T11:49:07","guid":{"rendered":"https:\/\/joyfun.shop\/?post_type=product&#038;p=934"},"modified":"2025-12-01T19:49:07","modified_gmt":"2025-12-01T11:49:07","slug":"wooden-spinning-tops","status":"publish","type":"product","link":"https:\/\/joyfun.shop\/de\/dp\/wooden-spinning-tops\/","title":{"rendered":"30 St\u00fcck Holzkreisel f\u00fcr Kinder, Kreisel aus Holz Holzkreisel Spielzeug, Spielzeugkreisel Mitgebsel Kindergeburtstag Gastgeschenke Partybeutelf\u00fcller, f\u00fcr 3-7 Jahre alte Kinder"},"content":{"rendered":"","protected":false},"excerpt":{"rendered":"","protected":false},"featured_media":935,"comment_status":"open","ping_status":"closed","template":"","meta":[],"product_cat":[43],"product_tag":[],"class_list":{"0":"post-934","1":"product","2":"type-product","3":"status-publish","4":"has-post-thumbnail","6":"product_cat-toys-games","8":"first","9":"instock","10":"shipping-taxable","11":"purchasable","12":"product-type-simple"},"jetpack_sharing_enabled":true,"_links":{"self":[{"href":"https:\/\/joyfun.shop\/de\/wp-json\/wp\/v2\/product\/934"}],"collection":[{"href":"https:\/\/joyfun.shop\/de\/wp-json\/wp\/v2\/product"}],"about":[{"href":"https:\/\/joyfun.shop\/de\/wp-json\/wp\/v2\/types\/product"}],"replies":[{"embeddable":true,"href":"https:\/\/joyfun.shop\/de\/wp-json\/wp\/v2\/comments?post=934"}],"wp:featuredmedia":[{"embeddable":true,"href":"https:\/\/joyfun.shop\/de\/wp-json\/wp\/v2\/media\/935"}],"wp:attachment":[{"href":"https:\/\/joyfun.shop\/de\/wp-json\/wp\/v2\/media?parent=934"}],"wp:term":[{"taxonomy":"product_cat","embeddable":true,"href":"https:\/\/joyfun.shop\/de\/wp-json\/wp\/v2\/product_cat?post=934"},{"taxonomy":"product_tag","embeddable":true,"href":"https:\/\/joyfun.shop\/de\/wp-json\/wp\/v2\/product_tag?post=934"}],"curies":[{"name":"wp","href":"https:\/\/api.w.org\/{rel}","templated":true}]}}